{"id":4949,"date":"2024-11-06T23:22:46","date_gmt":"2024-11-06T23:22:46","guid":{"rendered":"https:\/\/xn--cbdbltenstore-0ob.de\/?post_type=product&#038;p=4949"},"modified":"2024-11-08T11:25:21","modified_gmt":"2024-11-08T11:25:21","slug":"schredder-5g","status":"publish","type":"product","link":"https:\/\/xn--cbdbltenstore-0ob.de\/?product=schredder-5g","title":{"rendered":"CBD Bl\u00fcten Schredder 5g"},"content":{"rendered":"<h2>Schredder 5g<\/h2>\n<p>F\u00fcr alle Sparer unter euch <a href=\"https:\/\/www.hanfgartenshop.de\" target=\"_blank\" rel=\"noopener\">haben<\/a> wir hier ein Superangebot: Unsere Kleinkramreste zum verg\u00fcnstigten <a href=\"https:\/\/xn--cbdbltenstore-0ob.de\">Preis<\/a>!<\/p>\n<p>Es sind mindestens <strong>13%<\/strong> Cannabidiol enthalten, was ca. <strong>130mg\/g<\/strong> <a href=\"https:\/\/xn--cbdbltenstore-0ob.de\/product\/cbd-bluten-schredder-5g\/\">entspricht<\/a>.<\/p>\n<p>Wem das Aussehen nicht wichtig ist, der ist hier genau richtig.<\/p>\n<p>Es ist reiner Bl\u00fcten-Schredder, dadurch f\u00e4llt nur geringer Verlust an. Schredder 5g<\/p>\n<p>Nur solange der Vorrat reicht!<\/p>\n<h3>Gebrauchsinformationen: Schredder 5g<\/h3>\n<ul>\n<li>Lagern Sie die\u00a0<strong>Schredder<\/strong> Bl\u00fcten k\u00fchl, dunkel und trocken.<\/li>\n<li>Au\u00dferhalb der Reichweite von Kindern aufbewahren.<\/li>\n<li>Der Verkauf findet ausschlie\u00dflich an Personen \u00fcber 18 Jahren statt.<\/li>\n<li>Dieses Produkt ist nicht f\u00fcr Schwangere oder stillende M\u00fctter sowie Kinder geeignet!<\/li>\n<\/ul>\n<h4>Hinweis zu den CBD Bl\u00fcten Schredder:<\/h4>\n<p>Die CBD Bl\u00fcten\u00a0<strong>Schredder<\/strong> unterliegen den nat\u00fcrlichen Schwankungen und k\u00f6nnen von Charge zu Charge in der Beschaffenheit, Aussehen und im CBD-Wert variieren.<\/p>\n<p>Dieses Produkt ist nicht zum Verzehr geeignet.<\/p>\n<p>Es darf offiziell nicht konsumiert oder geraucht werden und dient ausschlie\u00dflich zur Herstellung von beispielsweise Duftkissen.<\/p>\n<p>Die gezeigten Bilder dienen nur als Referenz. Das tats\u00e4chliche Aussehen des Produkts kann abweichen.<br \/>\n<strong>Wichtiger Hinweis:<\/strong><\/p>\n<p>Nach dem \u00d6ffnen des Produktes, oder brechen das Verpackungs-Siegel ist dieses Produkt durch hygienischen und Sicherheitsgr\u00fcnden von der R\u00fcckgabe oder Reklamation ausgeschlossen.<\/p>\n<p>Verpackung Inhaltsangabe: <strong>5g.<\/strong><\/p>\n<p>Leergewicht: <strong>3,9g.<\/strong><\/p>\n<p>Gesamtgewicht: <strong>8,9g.<\/strong><\/p>\n","protected":false},"excerpt":{"rendered":"<p>Schredder 5g F\u00fcr alle Sparer unter euch haben wir hier ein Superangebot: Unsere Kleinkramreste zum verg\u00fcnstigten Preis! Es sind mindestens 13% Cannabidiol enthalten, was ca. 130mg\/g entspricht. Wem das Aussehen nicht wichtig ist, der ist hier genau richtig. Es ist reiner Bl\u00fcten-Schredder, dadurch f\u00e4llt nur geringer Verlust an. Schredder 5g Nur solange der Vorrat reicht! &hellip; <a href=\"https:\/\/xn--cbdbltenstore-0ob.de\/?product=schredder-5g\" class=\"more-link\">Continue reading <span class=\"screen-reader-text\">CBD Bl\u00fcten Schredder 5g<\/span><\/a><\/p>\n","protected":false},"featured_media":4950,"comment_status":"open","ping_status":"closed","template":"","meta":{"rank_math_lock_modified_date":false},"product_cat":[15],"product_tag":[],"class_list":{"0":"post-4949","1":"product","2":"type-product","3":"status-publish","4":"has-post-thumbnail","6":"product_cat-cbd-blueten","8":"first","9":"instock","10":"shipping-taxable","11":"purchasable","12":"product-type-simple"},"_links":{"self":[{"href":"https:\/\/xn--cbdbltenstore-0ob.de\/index.php?rest_route=\/wp\/v2\/product\/4949","targetHints":{"allow":["GET"]}}],"collection":[{"href":"https:\/\/xn--cbdbltenstore-0ob.de\/index.php?rest_route=\/wp\/v2\/product"}],"about":[{"href":"https:\/\/xn--cbdbltenstore-0ob.de\/index.php?rest_route=\/wp\/v2\/types\/product"}],"replies":[{"embeddable":true,"href":"https:\/\/xn--cbdbltenstore-0ob.de\/index.php?rest_route=%2Fwp%2Fv2%2Fcomments&post=4949"}],"wp:featuredmedia":[{"embeddable":true,"href":"https:\/\/xn--cbdbltenstore-0ob.de\/index.php?rest_route=\/wp\/v2\/media\/4950"}],"wp:attachment":[{"href":"https:\/\/xn--cbdbltenstore-0ob.de\/index.php?rest_route=%2Fwp%2Fv2%2Fmedia&parent=4949"}],"wp:term":[{"taxonomy":"product_cat","embeddable":true,"href":"https:\/\/xn--cbdbltenstore-0ob.de\/index.php?rest_route=%2Fwp%2Fv2%2Fproduct_cat&post=4949"},{"taxonomy":"product_tag","embeddable":true,"href":"https:\/\/xn--cbdbltenstore-0ob.de\/index.php?rest_route=%2Fwp%2Fv2%2Fproduct_tag&post=4949"}],"curies":[{"name":"wp","href":"https:\/\/api.w.org\/{rel}","templated":true}]}}