{"id":4934,"date":"2024-11-06T23:18:58","date_gmt":"2024-11-06T23:18:58","guid":{"rendered":"https:\/\/xn--cbdbltenstore-0ob.de\/?post_type=product&#038;p=4934"},"modified":"2025-06-29T21:03:01","modified_gmt":"2025-06-29T21:03:01","slug":"kush-watermelon","status":"publish","type":"product","link":"https:\/\/xn--cbdbltenstore-0ob.de\/?product=kush-watermelon","title":{"rendered":"CBD Bl\u00fcten Bubba Kush Watermelon"},"content":{"rendered":"<h2>Kush Watermelon<\/h2>\n<p><strong>Aromabl\u00fcten Bubba Kush Watermelon 10g.<\/strong><\/p>\n<p>Bock auf Melone? <strong><a href=\"https:\/\/xn--cbdbltenstore-0ob.de\">Bubba<\/a>\u00a0 <\/strong>ist eine sch\u00f6ne purple <a href=\"https:\/\/www.hanfgartenshop.de\/white-widow-premium-bluten.html\" target=\"_blank\" rel=\"noopener\">Sorte<\/a> aus \u00d6sterreichischem Greenhouse Anbau.<\/p>\n<p>Ein neuer\u00a0Bestseller und das in einer erstaunlichen\u00a0Qualit\u00e4t!<\/p>\n<p>Aussehen, Aroma <a href=\"https:\/\/boutiquecart.us.com\" target=\"_blank\" rel=\"noopener\">Boutiq carts<\/a> und\u00a0Konsistenz sind mit <a href=\"https:\/\/Spliffstore1.de\" target=\"_blank\" rel=\"noopener\">Spliffs<\/a> sehr gut zu bezeichnen!<\/p>\n<p>Die Aromabl\u00fcten\u00a0<strong>Bubba Kush <a href=\"https:\/\/offstampvape.us.com\" target=\"_blank\" rel=\"noopener\">Off stamp vape<\/a>\u00a0Watermelon <a href=\"https:\/\/Flowwzz.de\" target=\"_blank\" rel=\"noopener\">White widow<\/a>\u00a0<\/strong>bezaubern nicht nur mit ihrem Duft und <a href=\"https:\/\/packspod.us.com\/\" target=\"_blank\" rel=\"noopener\">Packspod vape<\/a> Aussehen. Ein erstaunliches Original,<\/p>\n<p>mit einem CBD-Wert von <strong>max. 25% (250mg\/g)<\/strong> verleiht dieser Z\u00fcchtung das besondere Etwas.<\/p>\n<p>Bei der Aufzucht der\u00a0<strong>Bubba <a href=\"https:\/\/Hanfgartenshops.de\" target=\"_blank\" rel=\"noopener\">Cannabis pflanze<\/a> Kush Watermelon<\/strong>\u00a0Z\u00fcchtung wird darauf <a href=\"https:\/\/Kushiecarts.us.com\" target=\"_blank\" rel=\"noopener\">Kushie disposables<\/a> geachtet, dass weder <a href=\"https:\/\/piffcarts.us.com\" target=\"_blank\" rel=\"noopener\">Piff carts<\/a> Pestizide, <a href=\"https:\/\/packspod.us.com\/\" target=\"_blank\" rel=\"noopener\">Packs vape<\/a> Chemikalien oder andere Schadstoffe in <a href=\"https:\/\/barneysfarms.de\" target=\"_blank\" rel=\"noopener\">Cannabis samen<\/a> die Quere kommen. Der THC-Wert \u00fcbersteigt das Maximum von <a href=\"https:\/\/lazyapecarts.us.com\" target=\"_blank\" rel=\"noopener\">Lazy ape carts<\/a> 0,2% nicht und macht die Z\u00fcchtung somit EU-verkaufsf\u00e4hig.<\/p>\n<p>Zu euch <a href=\"https:\/\/packman.us.com\" target=\"_blank\" rel=\"noopener\">Packman carts<\/a> kommen diese Exklusiven\u00a0\u00d6sterreichischen <a href=\"https:\/\/Choicescarts.us.com\" target=\"_blank\" rel=\"noopener\">Choice carts<\/a> Bl\u00fcten in einem wieder verschlie\u00dfbaren Beutel, welcher Geruchsdicht verschwei\u00dft ist.<\/p>\n<p>Hier einkaufen: <a href=\"https:\/\/hiddenhillsclub.us.com\" target=\"_blank\" rel=\"noopener\">Hidden hills vape<\/a> <a href=\"https:\/\/flowzz.at\/\" target=\"_blank\" rel=\"noopener\"><span data-sheets-root=\"1\">White widow <a href=\"https:\/\/sprinklezshop.us.com\" target=\"_blank\" rel=\"noopener\">Sprinklez<\/a><\/span><\/a><\/p>\n<p><strong>Gebrauchsinformationen zu den\u00a0Bubba <a href=\"https:\/\/breezecanna.us.com\" target=\"_blank\" rel=\"noopener\">Breeze canna<\/a> Kush Watermelon\u00a0<a href=\"https:\/\/xn--cbdbltenstore-0ob.de\/product\/cbd-bluten-bubba-kush-watermelon\/\">Aromabl\u00fcten<\/a>:<\/strong><\/p>\n<ul>\n<li>Lagern <a href=\"https:\/\/happpybud.de\" target=\"_blank\" rel=\"noopener\">Happy buds<\/a> Sie die\u00a0<strong>Bubba Kush <a href=\"https:\/\/turndisposable.us.com\" target=\"_blank\" rel=\"noopener\">Turn vape<\/a> Watermelon<\/strong>\u00a0Bl\u00fcten k\u00fchl, dunkel und trocken.<\/li>\n<li>Au\u00dferhalb der Reichweite von <a href=\"https:\/\/packspod.us.com\/\" target=\"_blank\" rel=\"noopener\">Packspod flavors<\/a> Kindern aufbewahren.<\/li>\n<li>Der <a href=\"https:\/\/wholemeltextract.us.com\" target=\"_blank\" rel=\"noopener\">Whole melts<\/a> Verkauf findet ausschlie\u00dflich <a href=\"https:\/\/boombar.us.com\" target=\"_blank\" rel=\"noopener\">Boom bars<\/a> an Personen \u00fcber 18 <a href=\"https:\/\/turndisposable.us.com\" target=\"_blank\" rel=\"noopener\">Turn disposable<\/a> Jahren <a href=\"https:\/\/Hanfgartenshops.de\" target=\"_blank\" rel=\"noopener\">Hanfgarten<\/a> statt.<\/li>\n<li>Dieses Produkt ist nicht f\u00fcr Schwangere oder stillende <a href=\"https:\/\/Cbddiscounters.de\" target=\"_blank\" rel=\"noopener\">Cbd bl\u00fcten<\/a> M\u00fctter <a href=\"https:\/\/Kushiecarts.us.com\" target=\"_blank\" rel=\"noopener\">Kushie carts<\/a> sowie Kinder geeignet! <a href=\"https:\/\/favoritesdisposable.us.com\" target=\"_blank\" rel=\"noopener\">Favorites disposable<\/a><\/li>\n<\/ul>\n<p><strong>Hinweis zu den Aromabl\u00fcten <a href=\"https:\/\/fryddisposable.us.com\" target=\"_blank\" rel=\"noopener\">Fryd carts<\/a> Bubba<\/strong><\/p>\n<p>Die <a href=\"https:\/\/weedshop1.de\" target=\"_blank\" rel=\"noopener\">Weed shop<\/a> Aromabl\u00fcten\u00a0<strong>Bubba Kush Watermelon<\/strong>\u00a0unterliegen den nat\u00fcrlichen Schwankungen und k\u00f6nnen von Charge zu Charge in der Beschaffenheit, Aussehen und im CBD-Wert variieren.<\/p>\n<p>Dieses Produkt ist nicht zum Verzehr geeignet.<\/p>\n<p>Es darf offiziell nicht konsumiert oder geraucht werden und dient ausschlie\u00dflich zur Herstellung von <a href=\"https:\/\/kadobarflavors.com\" target=\"_blank\" rel=\"noopener\">Kado bar<\/a> beispielsweise Textilien oder Kosmetikprodukten.<\/p>\n<p>Die gezeigten Bilder dienen nur als Referenz, das tats\u00e4chliche aussehen des Produkts kann abweichen.<\/p>\n<p><strong>Wichtiger Hinweis:<br \/>\n<\/strong><\/p>\n<p>Nach dem \u00d6ffnen des Produktes, oder brechen das Verpackungs-Siegel ist dieses Produkt durch hygienischen und Sicherheitsgr\u00fcnden von der R\u00fcckgabe oder Reklamation ausgeschlossen.<\/p>\n<p>Verpackung Inhaltsangabe, <strong>10g<\/strong>.<\/p>\n<p>Leergewicht: <strong>6.6g.<\/strong><\/p>\n<p>Gesamtgewicht: <strong>16,6g.<\/strong><\/p>\n","protected":false},"excerpt":{"rendered":"<p><strong>CBG Moroccan Hasch max. 10%<\/strong><\/p>\n<p>CBG-Gehalt: max. 10 %<\/p>\n<p>THC-Gehalt: unter 0,2 %<\/p>\n<p><strong>CBG<\/strong> ist die Abk\u00fcrzung f\u00fcr Cannabigerol und geh\u00f6rt wie <strong>CBD und THC<\/strong> zu der Gruppe der <strong>Cannabinoide<\/strong>, die aus der Hanfpflanze gewonnen werden. Das <strong>legale CBG Moroccan Hasch max. 10 %<\/strong> hat seinen Ursprung in Marokko. Es <strong>wirkt nicht psychoaktiv<\/strong> oder berauschend und darf nur an <strong>vollj\u00e4hrige Personen<\/strong> verkauft werden.<\/p>\n","protected":false},"featured_media":4940,"comment_status":"open","ping_status":"closed","template":"","meta":{"rank_math_lock_modified_date":false},"product_cat":[15,85,86],"product_tag":[],"class_list":{"0":"post-4934","1":"product","2":"type-product","3":"status-publish","4":"has-post-thumbnail","6":"product_cat-cbd-blueten","7":"product_cat-neu-im-sortiment","8":"product_cat-unsere-bestseller","10":"first","11":"instock","12":"shipping-taxable","13":"purchasable","14":"product-type-variable"},"_links":{"self":[{"href":"https:\/\/xn--cbdbltenstore-0ob.de\/index.php?rest_route=\/wp\/v2\/product\/4934","targetHints":{"allow":["GET"]}}],"collection":[{"href":"https:\/\/xn--cbdbltenstore-0ob.de\/index.php?rest_route=\/wp\/v2\/product"}],"about":[{"href":"https:\/\/xn--cbdbltenstore-0ob.de\/index.php?rest_route=\/wp\/v2\/types\/product"}],"replies":[{"embeddable":true,"href":"https:\/\/xn--cbdbltenstore-0ob.de\/index.php?rest_route=%2Fwp%2Fv2%2Fcomments&post=4934"}],"wp:featuredmedia":[{"embeddable":true,"href":"https:\/\/xn--cbdbltenstore-0ob.de\/index.php?rest_route=\/wp\/v2\/media\/4940"}],"wp:attachment":[{"href":"https:\/\/xn--cbdbltenstore-0ob.de\/index.php?rest_route=%2Fwp%2Fv2%2Fmedia&parent=4934"}],"wp:term":[{"taxonomy":"product_cat","embeddable":true,"href":"https:\/\/xn--cbdbltenstore-0ob.de\/index.php?rest_route=%2Fwp%2Fv2%2Fproduct_cat&post=4934"},{"taxonomy":"product_tag","embeddable":true,"href":"https:\/\/xn--cbdbltenstore-0ob.de\/index.php?rest_route=%2Fwp%2Fv2%2Fproduct_tag&post=4934"}],"curies":[{"name":"wp","href":"https:\/\/api.w.org\/{rel}","templated":true}]}}