{"id":4917,"date":"2024-11-06T23:11:12","date_gmt":"2024-11-06T23:11:12","guid":{"rendered":"https:\/\/xn--cbdbltenstore-0ob.de\/?post_type=product&#038;p=4917"},"modified":"2025-05-27T13:30:21","modified_gmt":"2025-05-27T13:30:21","slug":"premium-dry-hasch-max-15","status":"publish","type":"product","link":"https:\/\/xn--cbdbltenstore-0ob.de\/?product=premium-dry-hasch-max-15","title":{"rendered":"Punker Platte 5g Premium Dry Hasch max. 15%"},"content":{"rendered":"<h2>Premium Dry <a href=\"https:\/\/xn--cbdbltenstore-0ob.de\/product\/premium-dry-hasch-max-15\/\">Hasch<\/a> max 15<\/h2>\n<p>Bitte lagern Sie die Pollen vor und nach dem \u00d6ffnen <a href=\"https:\/\/xn--cbdbltenstore-0ob.de\/product\/punker-platte-5g-premium-dry-hasch-max-15\/\">trocken<\/a> und k\u00fchl. Bewahren Sie dieses <a href=\"https:\/\/www.hanfgartenshop.de\/white-widow-premium-bluten.html\" target=\"_blank\" rel=\"noopener\">Produkt<\/a> ebenfalls au\u00dferhalb der Reichweite von Kindern auf. Der Verkauf findet ausschlie\u00dflich an Personen \u00fcber 18 Jahren statt.<\/p>\n<p><strong>Gebrauchsinformationen: Premium Dry Hasch max 15<br \/>\n<\/strong><\/p>\n<ul>\n<li>Lagern Sie das Polinat k\u00fchl, dunkel und trocken. Premium Dry Hasch max 15<\/li>\n<li>Au\u00dferhalb der Reichweite von Kindern aufbewahren.<\/li>\n<li>Der Verkauf findet ausschlie\u00dflich an Personen \u00fcber 18 Jahren statt. Premium Dry Hasch max 15<\/li>\n<li>Dieses Produkt ist nicht f\u00fcr Schwangere oder stillende M\u00fctter sowie Kinder geeignet!<\/li>\n<\/ul>\n<p><strong>Hinweis zum Hasch Punker Platte:<\/strong><\/p>\n<p>Das <strong>Punker Platte<\/strong> <strong>Hasch<\/strong>\u00a0unterliegt den nat\u00fcrlichen Schwankungen und kann von Charge zu Charge in der Beschaffenheit, Aussehen und im CBD-Wert variieren.<\/p>\n<p>Dieses Produkt ist nicht zum Verzehr geeignet.<\/p>\n<p>Es darf offiziell nicht konsumiert oder geraucht werden und dient ausschlie\u00dflich zur Herstellung von beispielsweise Duftkissen.<\/p>\n<p>Die gezeigten Bilder dienen nur als Referenz. Das tats\u00e4chliche Aussehen des Produkts kann abweichen.<\/p>\n<p>Hier kaufen: <a href=\"https:\/\/flowzz.at\/\" target=\"_blank\" rel=\"noopener\"><span data-sheets-root=\"1\">Cannabis apotheke<\/span><\/a><\/p>\n","protected":false},"excerpt":{"rendered":"<h2 class=\"shortdesc\">Premium Dry <a href=\"https:\/\/xn--cbdbltenstore-0ob.de\/product\/premium-dry-hasch-max-15\/\">Hasch<\/a> max 15<\/h2>\n<p>CBD-Gehalt: max. 15%<\/p>\n<p>THC Gehalt: unter 0,2%<\/p>\n","protected":false},"featured_media":4918,"comment_status":"open","ping_status":"closed","template":"","meta":{"rank_math_lock_modified_date":false},"product_cat":[90,86],"product_tag":[],"class_list":{"0":"post-4917","1":"product","2":"type-product","3":"status-publish","4":"has-post-thumbnail","6":"product_cat-cbd-hasch","7":"product_cat-unsere-bestseller","9":"first","10":"instock","11":"shipping-taxable","12":"purchasable","13":"product-type-simple"},"_links":{"self":[{"href":"https:\/\/xn--cbdbltenstore-0ob.de\/index.php?rest_route=\/wp\/v2\/product\/4917","targetHints":{"allow":["GET"]}}],"collection":[{"href":"https:\/\/xn--cbdbltenstore-0ob.de\/index.php?rest_route=\/wp\/v2\/product"}],"about":[{"href":"https:\/\/xn--cbdbltenstore-0ob.de\/index.php?rest_route=\/wp\/v2\/types\/product"}],"replies":[{"embeddable":true,"href":"https:\/\/xn--cbdbltenstore-0ob.de\/index.php?rest_route=%2Fwp%2Fv2%2Fcomments&post=4917"}],"wp:featuredmedia":[{"embeddable":true,"href":"https:\/\/xn--cbdbltenstore-0ob.de\/index.php?rest_route=\/wp\/v2\/media\/4918"}],"wp:attachment":[{"href":"https:\/\/xn--cbdbltenstore-0ob.de\/index.php?rest_route=%2Fwp%2Fv2%2Fmedia&parent=4917"}],"wp:term":[{"taxonomy":"product_cat","embeddable":true,"href":"https:\/\/xn--cbdbltenstore-0ob.de\/index.php?rest_route=%2Fwp%2Fv2%2Fproduct_cat&post=4917"},{"taxonomy":"product_tag","embeddable":true,"href":"https:\/\/xn--cbdbltenstore-0ob.de\/index.php?rest_route=%2Fwp%2Fv2%2Fproduct_tag&post=4917"}],"curies":[{"name":"wp","href":"https:\/\/api.w.org\/{rel}","templated":true}]}}