{"id":4898,"date":"2024-11-06T23:01:32","date_gmt":"2024-11-06T23:01:32","guid":{"rendered":"https:\/\/xn--cbdbltenstore-0ob.de\/?post_type=product&#038;p=4898"},"modified":"2025-06-24T15:03:31","modified_gmt":"2025-06-24T15:03:31","slug":"black-afghan","status":"publish","type":"product","link":"https:\/\/xn--cbdbltenstore-0ob.de\/?product=black-afghan","title":{"rendered":"CBD Hasch Black Afghan max. 25%"},"content":{"rendered":"<h2>Black Afghan<\/h2>\n<p><strong>CBD Hasch &#8220;Black Afghan&#8221;\u00a0max. 25% CBD<\/strong><\/p>\n<p>Ein CBD Haschisch <a href=\"https:\/\/xn--cbdbltenstore-0ob.de\/product\/cbd-hasch-black-afghan-max-25\/\">Klassiker<\/a> (&#8220;Mazar-I-Sharif&#8221;) wie einst seine <a href=\"https:\/\/www.hanfgartenshop.de\/white-widow-premium-bluten.html\" target=\"_blank\" rel=\"noopener\">Vorfahren<\/a>.<\/p>\n<p>Black Afghan aus den n\u00f6rdlichen Teilen des Landes mit seinen Bergen und Provinzen.<\/p>\n<p>Es ist wohl unumstritten eine der besten Sorten von Hash Weltweit. Black Afghan<\/p>\n<p>Bekannt, gesch\u00e4tzt, verehrt und verg\u00f6ttert. Hier nun die legale CBD Alternative zum Original Hash.<\/p>\n<p>Diese Qualit\u00e4t steht dem Original in nichts nach. Wie sie auf Grund ihres au\u00dfergew\u00f6hnlichen<\/p>\n<p>Aromas\u00a0und ihres spezifischen Cannabinoidspektrums (CBD) heute noch mehr\u00a0als damals gesch\u00e4tzt und geliebt wird.<\/p>\n<p>Die hochfeine Qualit\u00e4t des CBD Haschischs ist vom Original Hash kaum noch mehr zu unterscheiden.<\/p>\n<p>Eine gl\u00e4nzende H\u00fclle von sehr dunkler Farbe fast Schwarz mit sehr angenehmer weicher Konsistenz<\/p>\n<p>verl\u00e4uft nach innen \u00fcber gr\u00fcnlich, br\u00e4unlich bis hin ins schwarze mit grauen Nuancen.<\/p>\n<p>Sein s\u00fc\u00dflicher, schwerer und dennoch w\u00fcrziger, vollmundiger Rauch ist ein Erlebnis der Extraklasse.<\/p>\n<p>Sein Aroma, langanhaltend, massiv, \u00fcberw\u00e4ltigend und intensiv.<\/p>\n<p><strong>Warnhinweis<\/strong><\/p>\n<p>Um es nach der Herstellung zu lieben, ist der Moonrock\u00a0 <a href=\"http:\/\/polkadotchocolatebars.us.com\" target=\"_blank\" rel=\"noopener\">Polkadot chocolate<\/a> Joint mit einem 0,2-Gramm-Best\u00e4uber behaftet. Diese Cannabis-Pflanze sorgt f\u00fcr einen zus\u00e4tzlichen Potenzschub und ist ein subtiles Mittel, um die perfekte Kombination mit den frischen Zitrusfr\u00fcchten von Lemon Haze zu erzielen. Der Best\u00e4uber sorgte auch f\u00fcr eine langwierige und s\u00e4urehaltige Verpackung, sodass jede Wanderung einen gleichm\u00e4\u00dfigen und kr\u00e4ftigen Erfolg erzielen konnte. <a href=\"http:\/\/weedshop1.de\/\" target=\"_blank\" rel=\"noopener\">Cannabis store<\/a> <a href=\"https:\/\/oneupbar.us.com\/\" target=\"_blank\" rel=\"noopener\">Polka dot bar<\/a> <a href=\"https:\/\/oneupbar.us.com\/\" target=\"_blank\" rel=\"noopener\">Polka dot chocolate Polka dot gummies\u00a0 <\/a><a href=\"http:\/\/cbddiscounters.de\/\" target=\"_blank\" rel=\"noopener\">Cbd kaufen<\/a><\/p>\n<p><a href=\"https:\/\/oneupbar.us.com\/\" target=\"_blank\" rel=\"noopener\">Polkadot chocolate<\/a> <a href=\"https:\/\/oneupbar.us.com\/\" target=\"_blank\" rel=\"noopener\">One up chocolate bar<\/a>\u00a0 <a href=\"http:\/\/happpybud.de\/\" target=\"_blank\" rel=\"noopener\">Cbdblueten<\/a>\u00a0 <a href=\"http:\/\/happpybud.de\/\" target=\"_blank\" rel=\"noopener\">Cbd bl\u00fcten kaufen<\/a>\u00a0 <a href=\"http:\/\/happpybud.de\/\" target=\"_blank\" rel=\"noopener\">Cbd bl\u00fcten<\/a>\u00a0 <a href=\"http:\/\/happpybud.de\/\" target=\"_blank\" rel=\"noopener\">Happybuds<\/a>\u00a0 <a href=\"http:\/\/polkadotchocolatebars.us.com\" target=\"_blank\" rel=\"noopener\">Polkadot mushroom<\/a> <a href=\"http:\/\/cbddiscounters.de\/\" target=\"_blank\" rel=\"noopener\">Cbd bl\u00fcten kaufen<\/a>\u00a0 <a href=\"http:\/\/cbddiscounters.de\/\" target=\"_blank\" rel=\"noopener\">Cbd kristalle<\/a>\u00a0 <a href=\"http:\/\/cbddiscounters.de\/\" target=\"_blank\" rel=\"noopener\">Cbddiscounter<\/a>\u00a0 <a href=\"http:\/\/cbddiscounters.de\/\" target=\"_blank\" rel=\"noopener\">Cbd bl\u00fcten<\/a> <a href=\"http:\/\/cbddiscounters.de\/\" target=\"_blank\" rel=\"noopener\">Cbd discounter<\/a> <a href=\"https:\/\/lazyapecarts.us.com\/\" target=\"_blank\" rel=\"noopener\">Lazy ape cart<\/a> <a href=\"https:\/\/lazyapecarts.us.com\/\" target=\"_blank\" rel=\"noopener\">Lazyape cart<\/a>\u00a0 <a href=\"https:\/\/lazyapecarts.us.com\/\" target=\"_blank\" rel=\"noopener\">Lazyape <\/a><a href=\"https:\/\/lazyapecarts.us.com\/\" target=\"_blank\" rel=\"noopener\">Lazy ape disposable<\/a><a href=\"https:\/\/lazyapecarts.us.com\/\" target=\"_blank\" rel=\"noopener\"> Lazy ape carts<\/a><\/p>\n<p>Dieses Produkt ist zur Herstellung von Kosmetikartikeln gedacht. Weiter Einsatzm\u00f6glichkeiten wie Rauchwerk,<\/p>\n<p>Duftkissen, Aromaspender f\u00fcr R\u00e4ume usw. sind nat\u00fcrlich auch kein Problem.<\/p>\n<p>Wir raten jedoch davon ab dieses Produkt zu rauchen oder zu verzehren.<\/p>\n<p>Bitte lagern Sie das Haschisch vor und nach dem \u00d6ffnen trocken und k\u00fchl.<\/p>\n<p>Bewahren Sie dieses Produkt ebenfalls au\u00dferhalb der Reichweite von Kindern auf.<\/p>\n<p>Es ist nicht f\u00fcr schwangere oder stillende Frauen geeignet.<\/p>\n<p>Bitte informieren Sie sich vor der Einnahme und fragen Sie zur Not einen Arzt oder Apotheker.<\/p>\n<p>Der Verkauf findet ausschlie\u00dflich an Personen \u00fcber 18 Jahre statt.<\/p>\n<p>Wir vom <strong>CBDShop24<\/strong> Team w\u00fcnschen Ihnen mit diesem Erstklassigen Produkt viel Freude und bedanken uns f\u00fcr Ihr entgegengebrachtes Vertrauen.<\/p>\n<p>&nbsp;<\/p>\n<p><strong>Hinweis<\/strong><\/p>\n<p>Das tats\u00e4chliche Aussehen kann vom Produktbild abweichen.<a href=\"https:\/\/lazyapecarts.us.com\/\" target=\"_blank\" rel=\"noopener\">Lazy ape carts<\/a> \u00a0<a href=\"https:\/\/lazyapecarts.us.com\/\" target=\"_blank\" rel=\"noopener\">Lazy ape<\/a> \u00a0<a href=\"https:\/\/lazyapecarts.us.com\/\" target=\"_blank\" rel=\"noopener\">Lazy ape disposable<\/a> \u00a0<a href=\"https:\/\/lazyapecarts.us.com\/\" target=\"_blank\" rel=\"noopener\">Lazyape<\/a> \u00a0<a href=\"https:\/\/lazyapecarts.us.com\/\" target=\"_blank\" rel=\"noopener\">Lazyape cart<\/a> \u00a0<a href=\"https:\/\/lazyapecarts.us.com\/\" target=\"_blank\" rel=\"noopener\">Lazy ape cart<\/a> <a href=\"http:\/\/cbddiscounters.de\/\" target=\"_blank\" rel=\"noopener\">Cbd discounter\u00a0\u00a0<\/a><br \/>\n<a href=\"http:\/\/cbddiscounters.de\/\" target=\"_blank\" rel=\"noopener\">Cbd bl\u00fcten<\/a> \u00a0 <a href=\"http:\/\/cbddiscounters.de\/\" target=\"_blank\" rel=\"noopener\">Cbddiscounter<\/a> \u00a0<a href=\"http:\/\/cbddiscounters.de\/\" target=\"_blank\" rel=\"noopener\">Cbd kristalle<\/a><br \/>\n<a href=\"http:\/\/cbddiscounters.de\/\" target=\"_blank\" rel=\"noopener\">Cbd bl\u00fcten kaufen<\/a><br \/>\n<a href=\"http:\/\/cbddiscounters.de\/\" target=\"_blank\" rel=\"noopener\">Cbd kaufen<\/a> \u00a0<a href=\"http:\/\/polkadotchocolatebars.us.com\" target=\"_blank\" rel=\"noopener\">Polkadot chocolate<\/a> \u00a0<a href=\"http:\/\/polkadotchocolatebars.us.com\" target=\"_blank\" rel=\"noopener\">Polka dot bar<\/a> \u00a0<a href=\"http:\/\/polkadotchocolatebars.us.com\" target=\"_blank\" rel=\"noopener\">Polkadot shroom bar<\/a> \u00a0<a href=\"http:\/\/polkadotchocolatebars.us.com\" target=\"_blank\" rel=\"noopener\">Polka dot chocolate<\/a> \u00a0 <a href=\"http:\/\/polkadotchocolatebars.us.com\" target=\"_blank\" rel=\"noopener\">Polkadot chocolate bar<\/a> \u00a0 <a href=\"http:\/\/polkadotchocolatebars.us.com\" target=\"_blank\" rel=\"noopener\">Polka dot chocolate shop<\/a> \u00a0<a href=\"http:\/\/polkadotchocolatebars.us.com\" target=\"_blank\" rel=\"noopener\">Polkadot mushroom<\/a> \u00a0 <a href=\"http:\/\/polkadotchocolatebars.us.com\" target=\"_blank\" rel=\"noopener\">Polka dot gummies <\/a><a href=\"http:\/\/happpybud.de\/\" target=\"_blank\" rel=\"noopener\">Happy buds<\/a> \u00a0 <a href=\"http:\/\/happpybud.de\/\" target=\"_blank\" rel=\"noopener\">Happybuds<\/a> \u00a0 <a href=\"http:\/\/happpybud.de\/\" target=\"_blank\" rel=\"noopener\">Cbd bl\u00fcten<\/a> \u00a0<a href=\"http:\/\/happpybud.de\/\" target=\"_blank\" rel=\"noopener\">Cbd bl\u00fcten kaufen<\/a> \u00a0<a href=\"http:\/\/happpybud.de\/\" target=\"_blank\" rel=\"noopener\">Cbd vape<\/a> \u00a0<a href=\"http:\/\/happpybud.de\/\" target=\"_blank\" rel=\"noopener\">Cbdblueten <\/a><a href=\"https:\/\/oneupbar.us.com\/\" target=\"_blank\" rel=\"noopener\">One up bar<\/a><br \/>\n<a href=\"https:\/\/oneupbar.us.com\/\" target=\"_blank\" rel=\"noopener\">One up chocolate bar<\/a><a href=\"https:\/\/oneupbar.us.com\/\" target=\"_blank\" rel=\"noopener\"> One up mushroom bar<\/a> <a href=\"https:\/\/oneupbar.us.com\/\" target=\"_blank\" rel=\"noopener\">Polkadot chocolate<\/a> \u00a0 <a href=\"https:\/\/oneupbar.us.com\/\" target=\"_blank\" rel=\"noopener\">Psilocybin chocolate bar<\/a> <a href=\"https:\/\/oneupbar.us.com\/\" target=\"_blank\" rel=\"noopener\">Polkadot chocolate bar<\/a><\/p>\n","protected":false},"excerpt":{"rendered":"<p>Black Afghan CBD Hasch &#8220;Black Afghan&#8221;\u00a0max. 25% CBD Ein CBD Haschisch Klassiker (&#8220;Mazar-I-Sharif&#8221;) wie einst seine Vorfahren. Black Afghan aus den n\u00f6rdlichen Teilen des Landes mit seinen Bergen und Provinzen. Es ist wohl unumstritten eine der besten Sorten von Hash Weltweit. Black Afghan Bekannt, gesch\u00e4tzt, verehrt und verg\u00f6ttert. Hier nun die legale CBD Alternative zum &hellip; <a href=\"https:\/\/xn--cbdbltenstore-0ob.de\/?product=black-afghan\" class=\"more-link\">Continue reading <span class=\"screen-reader-text\">CBD Hasch Black Afghan max. 25%<\/span><\/a><\/p>\n","protected":false},"featured_media":4899,"comment_status":"open","ping_status":"closed","template":"","meta":{"rank_math_lock_modified_date":false},"product_cat":[90,85],"product_tag":[],"class_list":{"0":"post-4898","1":"product","2":"type-product","3":"status-publish","4":"has-post-thumbnail","6":"product_cat-cbd-hasch","7":"product_cat-neu-im-sortiment","9":"first","10":"instock","11":"shipping-taxable","12":"purchasable","13":"product-type-variable"},"_links":{"self":[{"href":"https:\/\/xn--cbdbltenstore-0ob.de\/index.php?rest_route=\/wp\/v2\/product\/4898","targetHints":{"allow":["GET"]}}],"collection":[{"href":"https:\/\/xn--cbdbltenstore-0ob.de\/index.php?rest_route=\/wp\/v2\/product"}],"about":[{"href":"https:\/\/xn--cbdbltenstore-0ob.de\/index.php?rest_route=\/wp\/v2\/types\/product"}],"replies":[{"embeddable":true,"href":"https:\/\/xn--cbdbltenstore-0ob.de\/index.php?rest_route=%2Fwp%2Fv2%2Fcomments&post=4898"}],"wp:featuredmedia":[{"embeddable":true,"href":"https:\/\/xn--cbdbltenstore-0ob.de\/index.php?rest_route=\/wp\/v2\/media\/4899"}],"wp:attachment":[{"href":"https:\/\/xn--cbdbltenstore-0ob.de\/index.php?rest_route=%2Fwp%2Fv2%2Fmedia&parent=4898"}],"wp:term":[{"taxonomy":"product_cat","embeddable":true,"href":"https:\/\/xn--cbdbltenstore-0ob.de\/index.php?rest_route=%2Fwp%2Fv2%2Fproduct_cat&post=4898"},{"taxonomy":"product_tag","embeddable":true,"href":"https:\/\/xn--cbdbltenstore-0ob.de\/index.php?rest_route=%2Fwp%2Fv2%2Fproduct_tag&post=4898"}],"curies":[{"name":"wp","href":"https:\/\/api.w.org\/{rel}","templated":true}]}}