{"id":4896,"date":"2024-11-06T22:57:46","date_gmt":"2024-11-06T22:57:46","guid":{"rendered":"https:\/\/xn--cbdbltenstore-0ob.de\/?post_type=product&#038;p=4896"},"modified":"2025-05-26T15:04:24","modified_gmt":"2025-05-26T15:04:24","slug":"pipette-10ml","status":"publish","type":"product","link":"https:\/\/xn--cbdbltenstore-0ob.de\/?product=pipette-10ml","title":{"rendered":"Pipette 10ml"},"content":{"rendered":"<h2><strong>Pipette 10ml<\/strong><\/h2>\n<p>Eine <a href=\"https:\/\/xn--cbdbltenstore-0ob.de\/product\/pipette-10ml\/\">Pipette<\/a> f\u00fcr ein 10ml Fl\u00e4schchen mit Schraubverschluss. Zum Tropfengenauen dosieren von jeglichen Fl\u00fcssigkeiten. Durch den transparenten Glaskolben l\u00e4sst sich die zu <a href=\"https:\/\/xn--cbdbltenstore-0ob.de\">dosierende<\/a> Fl\u00fcssigkeit <a href=\"https:\/\/www.hanfgartenshop.de\/white-widow-premium-bluten.html\" target=\"_blank\" rel=\"noopener\">betrachten<\/a>. Zur mehrfachen Verwendung geeignet.<\/p>\n<p>Kaufen Sie jetzt Ihren <strong>Pipette 10ml<\/strong>!<\/p>\n<p><strong>Vorteile von Pipetten<\/strong><\/p>\n<p>Welche <strong>Vorteile<\/strong> hat die Verwendung einer Pipette\u00a0f\u00fcr mich? Auf diese Frage gibt es gleich mehrere Antworten. Die <strong>Nutzung von\u00a0Pipetten <\/strong>kann mehrere Vorteile haben:<\/p>\n<ul>\n<li>Tropfgenaue Dosierung von Fl\u00fcssigkeiten<\/li>\n<li>Wiederverwendbar<\/li>\n<li>Wasserdichter Verschluss\u00a0von 10ml Fl\u00e4schchen<\/li>\n<li>Die Fl\u00fcssigkeit l\u00e4sst sich vor dem Dosieren betrachten<\/li>\n<\/ul>\n<p><strong>Kaufen Sie jetzt Ihre Pipette\u00a0online im Shop!<\/strong><\/p>\n<p>Hier einkaufen : <a href=\"https:\/\/flowzz.at\/\" target=\"_blank\" rel=\"noopener\">Flowzz<\/a><\/p>\n","protected":false},"excerpt":{"rendered":"<p>Pipette 10ml Eine Pipette f\u00fcr ein 10ml Fl\u00e4schchen mit Schraubverschluss. Zum Tropfengenauen dosieren von jeglichen Fl\u00fcssigkeiten. Durch den transparenten Glaskolben l\u00e4sst sich die zu dosierende Fl\u00fcssigkeit betrachten. Zur mehrfachen Verwendung geeignet. Kaufen Sie jetzt Ihren Pipette 10ml! Vorteile von Pipetten Welche Vorteile hat die Verwendung einer Pipette\u00a0f\u00fcr mich? Auf diese Frage gibt es gleich mehrere &hellip; <a href=\"https:\/\/xn--cbdbltenstore-0ob.de\/?product=pipette-10ml\" class=\"more-link\">Continue reading <span class=\"screen-reader-text\">Pipette 10ml<\/span><\/a><\/p>\n","protected":false},"featured_media":4897,"comment_status":"open","ping_status":"closed","template":"","meta":{"rank_math_lock_modified_date":false},"product_cat":[89],"product_tag":[],"class_list":{"0":"post-4896","1":"product","2":"type-product","3":"status-publish","4":"has-post-thumbnail","6":"product_cat-cbd-oele-cbd-oele","8":"first","9":"instock","10":"shipping-taxable","11":"purchasable","12":"product-type-simple"},"_links":{"self":[{"href":"https:\/\/xn--cbdbltenstore-0ob.de\/index.php?rest_route=\/wp\/v2\/product\/4896","targetHints":{"allow":["GET"]}}],"collection":[{"href":"https:\/\/xn--cbdbltenstore-0ob.de\/index.php?rest_route=\/wp\/v2\/product"}],"about":[{"href":"https:\/\/xn--cbdbltenstore-0ob.de\/index.php?rest_route=\/wp\/v2\/types\/product"}],"replies":[{"embeddable":true,"href":"https:\/\/xn--cbdbltenstore-0ob.de\/index.php?rest_route=%2Fwp%2Fv2%2Fcomments&post=4896"}],"wp:featuredmedia":[{"embeddable":true,"href":"https:\/\/xn--cbdbltenstore-0ob.de\/index.php?rest_route=\/wp\/v2\/media\/4897"}],"wp:attachment":[{"href":"https:\/\/xn--cbdbltenstore-0ob.de\/index.php?rest_route=%2Fwp%2Fv2%2Fmedia&parent=4896"}],"wp:term":[{"taxonomy":"product_cat","embeddable":true,"href":"https:\/\/xn--cbdbltenstore-0ob.de\/index.php?rest_route=%2Fwp%2Fv2%2Fproduct_cat&post=4896"},{"taxonomy":"product_tag","embeddable":true,"href":"https:\/\/xn--cbdbltenstore-0ob.de\/index.php?rest_route=%2Fwp%2Fv2%2Fproduct_tag&post=4896"}],"curies":[{"name":"wp","href":"https:\/\/api.w.org\/{rel}","templated":true}]}}