{"id":4893,"date":"2024-11-06T22:56:49","date_gmt":"2024-11-06T22:56:49","guid":{"rendered":"https:\/\/xn--cbdbltenstore-0ob.de\/?post_type=product&#038;p=4893"},"modified":"2024-11-08T15:13:38","modified_gmt":"2024-11-08T15:13:38","slug":"mini-trichter","status":"publish","type":"product","link":"https:\/\/xn--cbdbltenstore-0ob.de\/?product=mini-trichter","title":{"rendered":"Mini Trichter"},"content":{"rendered":"<h2><strong>Mini Trichter<\/strong><\/h2>\n<p>Mini Trichter aus Plastik zum bef\u00fcllen kleiner <a href=\"https:\/\/xn--cbdbltenstore-0ob.de\">Beh\u00e4ltnissen<\/a>.\u00a0Zur mehrfachen <a href=\"https:\/\/xn--cbdbltenstore-0ob.de\/product\/mini-trichter\/\">Verwendung<\/a> geeignet.<\/p>\n<p>Kaufen Sie jetzt Ihren <strong>Trichter<\/strong>!<\/p>\n<p><strong>Vorteile von Trichtern<\/strong><\/p>\n<p>Welche <strong>Vorteile<\/strong> hat die Verwendung eines\u00a0Trichters\u00a0f\u00fcr mich? Auf diese Frage gibt es gleich mehrere Antworten. Die <strong>Nutzung von\u00a0Trichtern <\/strong>kann mehrere Vorteile haben:<\/p>\n<ul>\n<li>Einfache\u00a0Dosierung beim bef\u00fcllen<\/li>\n<li>Wiederverwendbar<\/li>\n<\/ul>\n<p>Kaufen Sie jetzt Ihren\u00a0Trichter\u00a0<a href=\"https:\/\/xn--cbdbltenstore-0ob.de\">online<\/a> im Shop!<\/p>\n<p>White Widow ist eine wahre Ber\u00fchmtheit und ein Strain, der bereits viele Preise <a href=\"https:\/\/www.hanfgartenshop.de\" target=\"_blank\" rel=\"noopener\">abger\u00e4umt<\/a> hat! Ja, man k\u00f6nnte sie wahrlich als K\u00f6nigin der Cannabissorten bezeichnen. Sie darf auf keiner Men\u00fckarte in holl\u00e4ndischen Coffee Shops fehlen und ist als starke, leicht anzubauende Sorte bei Nutzern wie Z\u00fcchtern sehr beliebt. Ihr herzhaft w\u00fcrziges Aroma verfehlt seine Wirkung nicht. Mit einem Hauch von Kiefer entfaltet sich beim Rauchen ein k\u00f6stlich s\u00fc\u00dfer und fruchtiger Geschmack, mit einem leicht s\u00e4uerlichen Abgang. Der THC-Gehalt der \u201ewei\u00dfen Witwe\u201c liegt unter 0.2% und macht sie somit 100 % legal.<\/p>\n","protected":false},"excerpt":{"rendered":"<p>Mini Trichter Mini Trichter aus Plastik zum bef\u00fcllen kleiner Beh\u00e4ltnissen.\u00a0Zur mehrfachen Verwendung geeignet. Kaufen Sie jetzt Ihren Trichter! Vorteile von Trichtern Welche Vorteile hat die Verwendung eines\u00a0Trichters\u00a0f\u00fcr mich? Auf diese Frage gibt es gleich mehrere Antworten. Die Nutzung von\u00a0Trichtern kann mehrere Vorteile haben: Einfache\u00a0Dosierung beim bef\u00fcllen Wiederverwendbar Kaufen Sie jetzt Ihren\u00a0Trichter\u00a0online im Shop! White Widow &hellip; <a href=\"https:\/\/xn--cbdbltenstore-0ob.de\/?product=mini-trichter\" class=\"more-link\">Continue reading <span class=\"screen-reader-text\">Mini Trichter<\/span><\/a><\/p>\n","protected":false},"featured_media":4894,"comment_status":"open","ping_status":"closed","template":"","meta":{"rank_math_lock_modified_date":false},"product_cat":[89],"product_tag":[],"class_list":{"0":"post-4893","1":"product","2":"type-product","3":"status-publish","4":"has-post-thumbnail","6":"product_cat-cbd-oele-cbd-oele","8":"first","9":"instock","10":"shipping-taxable","11":"purchasable","12":"product-type-simple"},"_links":{"self":[{"href":"https:\/\/xn--cbdbltenstore-0ob.de\/index.php?rest_route=\/wp\/v2\/product\/4893","targetHints":{"allow":["GET"]}}],"collection":[{"href":"https:\/\/xn--cbdbltenstore-0ob.de\/index.php?rest_route=\/wp\/v2\/product"}],"about":[{"href":"https:\/\/xn--cbdbltenstore-0ob.de\/index.php?rest_route=\/wp\/v2\/types\/product"}],"replies":[{"embeddable":true,"href":"https:\/\/xn--cbdbltenstore-0ob.de\/index.php?rest_route=%2Fwp%2Fv2%2Fcomments&post=4893"}],"wp:featuredmedia":[{"embeddable":true,"href":"https:\/\/xn--cbdbltenstore-0ob.de\/index.php?rest_route=\/wp\/v2\/media\/4894"}],"wp:attachment":[{"href":"https:\/\/xn--cbdbltenstore-0ob.de\/index.php?rest_route=%2Fwp%2Fv2%2Fmedia&parent=4893"}],"wp:term":[{"taxonomy":"product_cat","embeddable":true,"href":"https:\/\/xn--cbdbltenstore-0ob.de\/index.php?rest_route=%2Fwp%2Fv2%2Fproduct_cat&post=4893"},{"taxonomy":"product_tag","embeddable":true,"href":"https:\/\/xn--cbdbltenstore-0ob.de\/index.php?rest_route=%2Fwp%2Fv2%2Fproduct_tag&post=4893"}],"curies":[{"name":"wp","href":"https:\/\/api.w.org\/{rel}","templated":true}]}}