{"id":4889,"date":"2024-11-06T22:55:56","date_gmt":"2024-11-06T22:55:56","guid":{"rendered":"https:\/\/xn--cbdbltenstore-0ob.de\/?post_type=product&#038;p=4889"},"modified":"2024-11-08T12:58:13","modified_gmt":"2024-11-08T12:58:13","slug":"superior-kokos","status":"publish","type":"product","link":"https:\/\/xn--cbdbltenstore-0ob.de\/?product=superior-kokos","title":{"rendered":"MCT \u00d8L &#8220;Superior&#8221; Kokos"},"content":{"rendered":"<h2><strong>Superior Kokos<\/strong><\/h2>\n<p>Ein hochwertiges und reines Extrakt aus <a href=\"https:\/\/xn--cbdbltenstore-0ob.de\/product\/mct-ol-superior-kokos\/\">Kokos\u00f6l<\/a>.<\/p>\n<p>Die Bestandteile des MCT \u00d6l bestehen aus:\u00a0 Superior Kokos<\/p>\n<p>100% C8 <a href=\"https:\/\/sixty8.ro\/cookies\/puff-watermelon-lemonade-15k-nicotine-cookies\" target=\"_blank\" rel=\"noopener\">Fetts\u00e4uren<\/a> &#8211; 100% Capryls\u00e4ure.<\/p>\n<table cellspacing=\"3\" cellpadding=\"1\">\n<tbody>\n<tr>\n<td>N\u00e4hrwertangaben:<\/td>\n<td>100ml<\/td>\n<\/tr>\n<tr>\n<td>Brennwert \/ Energiegehalt:<\/td>\n<td>3489kj\/849kcal<\/td>\n<\/tr>\n<tr>\n<td>Fett:<\/td>\n<td>94,3g<\/td>\n<\/tr>\n<tr>\n<td>Davon Ges\u00e4ttigte Fetts\u00e4uren:<\/td>\n<td>94,2g<\/td>\n<\/tr>\n<tr>\n<td>Davon einfach unges\u00e4ttigte Fetts\u00e4uren:<\/td>\n<td>&lt;0,1%<\/td>\n<\/tr>\n<tr>\n<td>Davon\u00a0mehrfach unges\u00e4ttigte Fetts\u00e4uren:<\/td>\n<td>&lt;0,1%<\/td>\n<\/tr>\n<tr>\n<td>Kohlehydrate:<\/td>\n<td>0g<\/td>\n<\/tr>\n<tr>\n<td>Zucker:<\/td>\n<td>0g<\/td>\n<\/tr>\n<tr>\n<td>Eiwei\u00df:<\/td>\n<td>0g<\/td>\n<\/tr>\n<tr>\n<td>Salz:<\/td>\n<td>0g<\/td>\n<\/tr>\n<\/tbody>\n<\/table>\n<p>Lagerung und Haltbarkeit des Produktes.<\/p>\n<p>Lagern Sie das Produkt trocken und k\u00fchl . Direkte Sonneneinstrahlungen sollten vermieden werden.<\/p>\n<p>Nach dem \u00d6ffnen empfehlen wir Ihnen, das MCT \u00d6l im K\u00fchlschrank zu lagern und nach maximal 6 Monaten zu verbrauchen.<\/p>\n<p>In der Regel ist das \u00d6L zwei Jahre haltbar. Ein Mindesthaltbarkeitsdatum finden Sie auf jedem Fl\u00e4schchen.<\/p>\n<p>&nbsp;<\/p>\n<p>Hinweis zu dem Kokos-\u00d6l-MCT-Superior:<\/p>\n<p>Die gezeigten Bilder dienen nur als Referenz. Das tats\u00e4chliche Aussehen des Produkts kann abweichen.<\/p>\n<p>&nbsp;<\/p>\n","protected":false},"excerpt":{"rendered":"<p>Superior Kokos Ein hochwertiges und reines Extrakt aus Kokos\u00f6l. Die Bestandteile des MCT \u00d6l bestehen aus:\u00a0 Superior Kokos 100% C8 Fetts\u00e4uren &#8211; 100% Capryls\u00e4ure. N\u00e4hrwertangaben: 100ml Brennwert \/ Energiegehalt: 3489kj\/849kcal Fett: 94,3g Davon Ges\u00e4ttigte Fetts\u00e4uren: 94,2g Davon einfach unges\u00e4ttigte Fetts\u00e4uren: &lt;0,1% Davon\u00a0mehrfach unges\u00e4ttigte Fetts\u00e4uren: &lt;0,1% Kohlehydrate: 0g Zucker: 0g Eiwei\u00df: 0g Salz: 0g Lagerung und &hellip; <a href=\"https:\/\/xn--cbdbltenstore-0ob.de\/?product=superior-kokos\" class=\"more-link\">Continue reading <span class=\"screen-reader-text\">MCT \u00d8L &#8220;Superior&#8221; Kokos<\/span><\/a><\/p>\n","protected":false},"featured_media":4892,"comment_status":"open","ping_status":"closed","template":"","meta":{"rank_math_lock_modified_date":false},"product_cat":[89,86],"product_tag":[],"class_list":{"0":"post-4889","1":"product","2":"type-product","3":"status-publish","4":"has-post-thumbnail","6":"product_cat-cbd-oele-cbd-oele","7":"product_cat-unsere-bestseller","9":"first","10":"instock","11":"shipping-taxable","12":"purchasable","13":"product-type-simple"},"_links":{"self":[{"href":"https:\/\/xn--cbdbltenstore-0ob.de\/index.php?rest_route=\/wp\/v2\/product\/4889","targetHints":{"allow":["GET"]}}],"collection":[{"href":"https:\/\/xn--cbdbltenstore-0ob.de\/index.php?rest_route=\/wp\/v2\/product"}],"about":[{"href":"https:\/\/xn--cbdbltenstore-0ob.de\/index.php?rest_route=\/wp\/v2\/types\/product"}],"replies":[{"embeddable":true,"href":"https:\/\/xn--cbdbltenstore-0ob.de\/index.php?rest_route=%2Fwp%2Fv2%2Fcomments&post=4889"}],"wp:featuredmedia":[{"embeddable":true,"href":"https:\/\/xn--cbdbltenstore-0ob.de\/index.php?rest_route=\/wp\/v2\/media\/4892"}],"wp:attachment":[{"href":"https:\/\/xn--cbdbltenstore-0ob.de\/index.php?rest_route=%2Fwp%2Fv2%2Fmedia&parent=4889"}],"wp:term":[{"taxonomy":"product_cat","embeddable":true,"href":"https:\/\/xn--cbdbltenstore-0ob.de\/index.php?rest_route=%2Fwp%2Fv2%2Fproduct_cat&post=4889"},{"taxonomy":"product_tag","embeddable":true,"href":"https:\/\/xn--cbdbltenstore-0ob.de\/index.php?rest_route=%2Fwp%2Fv2%2Fproduct_tag&post=4889"}],"curies":[{"name":"wp","href":"https:\/\/api.w.org\/{rel}","templated":true}]}}