{"id":4880,"date":"2024-11-06T22:41:11","date_gmt":"2024-11-06T22:41:11","guid":{"rendered":"https:\/\/xn--cbdbltenstore-0ob.de\/?post_type=product&#038;p=4880"},"modified":"2024-11-08T15:14:00","modified_gmt":"2024-11-08T15:14:00","slug":"cbg-isolat-99","status":"publish","type":"product","link":"https:\/\/xn--cbdbltenstore-0ob.de\/?product=cbg-isolat-99","title":{"rendered":"CBG ISOLAT 99%"},"content":{"rendered":"<h2><strong>CBG ISOLAT 99<\/strong><\/h2>\n<p>CBG Isolat in Kristalliner Form, farb &#8211; und geruchsneutral. Der Hersteller legt bei der <a href=\"https:\/\/xn--cbdbltenstore-0ob.de\">Produktion<\/a> sehr hohen Wert auf Qualit\u00e4tsstandards. Eine Packung enth\u00e4lt 0,5g-5g reines <a href=\"https:\/\/xn--cbdbltenstore-0ob.de\/product\/cbg-isolat-99\/\">CBG<\/a>. CBG ISOLAT 99<\/p>\n<p><strong>Lagerung und Haltbarkeit von CBG Kristallen<\/strong><\/p>\n<p>Wir empfehlen vor und nach dem <a href=\"https:\/\/sixty8.ro\/cookies\/puff-watermelon-lemonade-15k-nicotine-cookies\" target=\"_blank\" rel=\"noopener\">\u00d6ffnen<\/a> eine k\u00fchle und trockene Lagerung. Bitte achten Sie darauf, das Produkt au\u00dferhalb der Reichweite von Kindern aufzubewahren. In der Regel sind die Kristalle zwei\u00a0 Jahre haltbar. Ein Mindesthaltbarkeitsdatum finden Sie au\u00dfen auf der Verpackung. Direkte Sonneneinstrahlungen sollten vermieden werden.<\/p>\n<p>Wichtige Angaben:<\/p>\n<table cellspacing=\"3\" cellpadding=\"1\">\n<tbody>\n<tr>\n<td>\n<div align=\"center\">Produkt:<\/div>\n<\/td>\n<td>\n<div align=\"center\">CBG Isolat<\/div>\n<\/td>\n<\/tr>\n<tr>\n<td>\n<p align=\"center\">THC:<\/p>\n<\/td>\n<td>\n<div align=\"center\">nicht messbar<\/div>\n<\/td>\n<\/tr>\n<tr>\n<td>\n<div align=\"center\">Inhalt:<\/div>\n<\/td>\n<td>\n<div align=\"center\">0,5g \/ 1g \/ 2g \/ 5g<\/div>\n<\/td>\n<\/tr>\n<tr>\n<td>\n<div align=\"center\">\u00a0CBG Gehalt:<\/div>\n<\/td>\n<td>\n<div align=\"center\">&gt;99%<\/div>\n<\/td>\n<\/tr>\n<tr>\n<td>\n<div align=\"center\">Verpackung:<\/div>\n<\/td>\n<td>\n<div align=\"center\">Glasfl\u00e4schchen mit Korken<\/div>\n<\/td>\n<\/tr>\n<\/tbody>\n<\/table>\n<div class=\"item_desc custom_content bottom20 top30\">\n<h3><\/h3>\n<\/div>\n<p><strong>Hinweis zu den CBG Isolaten:<\/strong><\/p>\n<p>Der Verkauf findet ausschlie\u00dflich an Personen \u00fcber 18 Jahren statt.<\/p>\n<p>Die gezeigten Bilder dienen nur als Referenz. Das tats\u00e4chliche Aussehen des Produkts kann variieren.<\/p>\n","protected":false},"excerpt":{"rendered":"<p>CBG ISOLAT 99 CBG Isolat in Kristalliner Form, farb &#8211; und geruchsneutral. Der Hersteller legt bei der Produktion sehr hohen Wert auf Qualit\u00e4tsstandards. Eine Packung enth\u00e4lt 0,5g-5g reines CBG. CBG ISOLAT 99 Lagerung und Haltbarkeit von CBG Kristallen Wir empfehlen vor und nach dem \u00d6ffnen eine k\u00fchle und trockene Lagerung. Bitte achten Sie darauf, das &hellip; <a href=\"https:\/\/xn--cbdbltenstore-0ob.de\/?product=cbg-isolat-99\" class=\"more-link\">Continue reading <span class=\"screen-reader-text\">CBG ISOLAT 99%<\/span><\/a><\/p>\n","protected":false},"featured_media":4881,"comment_status":"open","ping_status":"closed","template":"","meta":{"rank_math_lock_modified_date":false},"product_cat":[88,89,85],"product_tag":[],"class_list":{"0":"post-4880","1":"product","2":"type-product","3":"status-publish","4":"has-post-thumbnail","6":"product_cat-cbd-isolate","7":"product_cat-cbd-oele-cbd-oele","8":"product_cat-neu-im-sortiment","10":"first","11":"instock","12":"shipping-taxable","13":"purchasable","14":"product-type-simple"},"_links":{"self":[{"href":"https:\/\/xn--cbdbltenstore-0ob.de\/index.php?rest_route=\/wp\/v2\/product\/4880","targetHints":{"allow":["GET"]}}],"collection":[{"href":"https:\/\/xn--cbdbltenstore-0ob.de\/index.php?rest_route=\/wp\/v2\/product"}],"about":[{"href":"https:\/\/xn--cbdbltenstore-0ob.de\/index.php?rest_route=\/wp\/v2\/types\/product"}],"replies":[{"embeddable":true,"href":"https:\/\/xn--cbdbltenstore-0ob.de\/index.php?rest_route=%2Fwp%2Fv2%2Fcomments&post=4880"}],"wp:featuredmedia":[{"embeddable":true,"href":"https:\/\/xn--cbdbltenstore-0ob.de\/index.php?rest_route=\/wp\/v2\/media\/4881"}],"wp:attachment":[{"href":"https:\/\/xn--cbdbltenstore-0ob.de\/index.php?rest_route=%2Fwp%2Fv2%2Fmedia&parent=4880"}],"wp:term":[{"taxonomy":"product_cat","embeddable":true,"href":"https:\/\/xn--cbdbltenstore-0ob.de\/index.php?rest_route=%2Fwp%2Fv2%2Fproduct_cat&post=4880"},{"taxonomy":"product_tag","embeddable":true,"href":"https:\/\/xn--cbdbltenstore-0ob.de\/index.php?rest_route=%2Fwp%2Fv2%2Fproduct_tag&post=4880"}],"curies":[{"name":"wp","href":"https:\/\/api.w.org\/{rel}","templated":true}]}}