{"id":4877,"date":"2024-11-06T22:40:15","date_gmt":"2024-11-06T22:40:15","guid":{"rendered":"https:\/\/xn--cbdbltenstore-0ob.de\/?post_type=product&#038;p=4877"},"modified":"2024-11-08T15:14:44","modified_gmt":"2024-11-08T15:14:44","slug":"cbn-isolat-98","status":"publish","type":"product","link":"https:\/\/xn--cbdbltenstore-0ob.de\/?product=cbn-isolat-98","title":{"rendered":"CBN ISOLAT 98%"},"content":{"rendered":"<h2><strong>CBN ISOLAT 98<\/strong><\/h2>\n<p>CBN Isolat in Kristalliner Form, farb &#8211; und <a href=\"https:\/\/xn--cbdbltenstore-0ob.de\/product\/cbn-isolat-98\/\">geruchsneutral<\/a>. Der Hersteller legt bei der Produktion sehr hohen Wert auf <a href=\"https:\/\/www.hanfgartenshop.de\/white-widow-premium-bluten.html\" target=\"_blank\" rel=\"noopener\">Qualit\u00e4tsstandards<\/a>. Eine Packung enth\u00e4lt 0,5g-2g reines CBN. CBN <a href=\"https:\/\/xn--cbdbltenstore-0ob.de\">ISOLAT<\/a> 98<\/p>\n<h3><strong>Lagerung und Haltbarkeit von CBN Kristallen<\/strong><\/h3>\n<p>Wir empfehlen vor und nach dem \u00d6ffnen eine k\u00fchle und trockene Lagerung. Bitte achten Sie darauf, das Produkt au\u00dferhalb der Reichweite von Kindern aufzubewahren. In der Regel sind die Kristalle zwei\u00a0 Jahre haltbar. Ein Mindesthaltbarkeitsdatum finden Sie au\u00dfen auf der Verpackung. Direkte Sonneneinstrahlungen sollten vermieden werden.<\/p>\n<p>Wichtige Angaben:<\/p>\n<table cellspacing=\"3\" cellpadding=\"1\">\n<tbody>\n<tr>\n<td>\n<div align=\"center\">Produkt:<\/div>\n<\/td>\n<td>\n<div align=\"center\">CBN Isolat<\/div>\n<\/td>\n<\/tr>\n<tr>\n<td>\n<p align=\"center\">THC:<\/p>\n<\/td>\n<td>\n<div align=\"center\">nicht messbar<\/div>\n<\/td>\n<\/tr>\n<tr>\n<td>\n<div align=\"center\">Inhalt:<\/div>\n<\/td>\n<td>\n<div align=\"center\">0,5g \/ 1g \/ 2g<\/div>\n<\/td>\n<\/tr>\n<tr>\n<td>\n<div align=\"center\">\u00a0CBN Gehalt:<\/div>\n<\/td>\n<td>\n<div align=\"center\">&gt;98%<\/div>\n<\/td>\n<\/tr>\n<tr>\n<td>\n<div align=\"center\">Verpackung:<\/div>\n<\/td>\n<td>\n<div align=\"center\">Glasfl\u00e4schchen mit Korken<\/div>\n<\/td>\n<\/tr>\n<\/tbody>\n<\/table>\n<div class=\"item_desc custom_content bottom20 top30\">\n<h3><\/h3>\n<\/div>\n<h4><strong>Hinweis zu den CBN Isolaten:<\/strong><\/h4>\n<p>Der Verkauf findet ausschlie\u00dflich an Personen \u00fcber 18 Jahren statt.<\/p>\n<p>Die gezeigten Bilder dienen nur als Referenz. Das tats\u00e4chliche Aussehen des Produkts kann variieren.<\/p>\n","protected":false},"excerpt":{"rendered":"<p>CBN ISOLAT 98 CBN Isolat in Kristalliner Form, farb &#8211; und geruchsneutral. Der Hersteller legt bei der Produktion sehr hohen Wert auf Qualit\u00e4tsstandards. Eine Packung enth\u00e4lt 0,5g-2g reines CBN. CBN ISOLAT 98 Lagerung und Haltbarkeit von CBN Kristallen Wir empfehlen vor und nach dem \u00d6ffnen eine k\u00fchle und trockene Lagerung. Bitte achten Sie darauf, das &hellip; <a href=\"https:\/\/xn--cbdbltenstore-0ob.de\/?product=cbn-isolat-98\" class=\"more-link\">Continue reading <span class=\"screen-reader-text\">CBN ISOLAT 98%<\/span><\/a><\/p>\n","protected":false},"featured_media":4878,"comment_status":"open","ping_status":"closed","template":"","meta":{"rank_math_lock_modified_date":false},"product_cat":[88,89],"product_tag":[],"class_list":{"0":"post-4877","1":"product","2":"type-product","3":"status-publish","4":"has-post-thumbnail","6":"product_cat-cbd-isolate","7":"product_cat-cbd-oele-cbd-oele","9":"first","10":"instock","11":"shipping-taxable","12":"purchasable","13":"product-type-simple"},"_links":{"self":[{"href":"https:\/\/xn--cbdbltenstore-0ob.de\/index.php?rest_route=\/wp\/v2\/product\/4877","targetHints":{"allow":["GET"]}}],"collection":[{"href":"https:\/\/xn--cbdbltenstore-0ob.de\/index.php?rest_route=\/wp\/v2\/product"}],"about":[{"href":"https:\/\/xn--cbdbltenstore-0ob.de\/index.php?rest_route=\/wp\/v2\/types\/product"}],"replies":[{"embeddable":true,"href":"https:\/\/xn--cbdbltenstore-0ob.de\/index.php?rest_route=%2Fwp%2Fv2%2Fcomments&post=4877"}],"wp:featuredmedia":[{"embeddable":true,"href":"https:\/\/xn--cbdbltenstore-0ob.de\/index.php?rest_route=\/wp\/v2\/media\/4878"}],"wp:attachment":[{"href":"https:\/\/xn--cbdbltenstore-0ob.de\/index.php?rest_route=%2Fwp%2Fv2%2Fmedia&parent=4877"}],"wp:term":[{"taxonomy":"product_cat","embeddable":true,"href":"https:\/\/xn--cbdbltenstore-0ob.de\/index.php?rest_route=%2Fwp%2Fv2%2Fproduct_cat&post=4877"},{"taxonomy":"product_tag","embeddable":true,"href":"https:\/\/xn--cbdbltenstore-0ob.de\/index.php?rest_route=%2Fwp%2Fv2%2Fproduct_tag&post=4877"}],"curies":[{"name":"wp","href":"https:\/\/api.w.org\/{rel}","templated":true}]}}