{"id":4870,"date":"2024-11-06T21:43:11","date_gmt":"2024-11-06T21:43:11","guid":{"rendered":"https:\/\/xn--cbdbltenstore-0ob.de\/?post_type=product&#038;p=4870"},"modified":"2025-05-27T13:21:59","modified_gmt":"2025-05-27T13:21:59","slug":"hhc-smash-v2","status":"publish","type":"product","link":"https:\/\/xn--cbdbltenstore-0ob.de\/?product=hhc-smash-v2","title":{"rendered":"10-OH-HHC SMASH V2 Vape Pen"},"content":{"rendered":"<h2>HHC SMASH V2<\/h2>\n<p><strong>SMASH V2<\/strong> Vape Pen in versch. Sorten, mit <span class=\"hiddenGrammarError\">30% 10-OH-HHC<\/span>10-OH-HHC 10-OH-<a href=\"https:\/\/xn--cbdbltenstore-0ob.de\/product\/10-oh-hhc-smash-v2-vape-pen-2\/\">HHC<\/a><\/p>\n<p><strong>Inhaltsstoffe:<\/strong> 30<span class=\"hiddenGrammarError\">0mg<\/span> 10-OH-<a href=\"https:\/\/xn--cbdbltenstore-0ob.de\">HHC<\/a>. Zugesetzt mit Terpenen in einer Konzentration von <span class=\"hiddenGrammarError\">5%<\/span>, die eine FDA-Zulassung haben und rein organischen Ursprungs sind.\u00a0 HHC <a href=\"https:\/\/sixty8.ro\/cookies\/puff-watermelon-lemonade-15k-nicotine-cookies\" target=\"_blank\" rel=\"noopener\">SMASH<\/a> V2<\/p>\n<table border=\"1\" cellspacing=\"1\" cellpadding=\"1\">\n<tbody>\n<tr>\n<td>Verpackungsinhalt<\/td>\n<td>1x 10-OH-HHC SMASH V2 Vape Pen<\/td>\n<\/tr>\n<tr>\n<td>Inhalt<\/td>\n<td>1 ml<\/td>\n<\/tr>\n<tr>\n<td>10-OH-HHC<\/td>\n<td>300mg<\/td>\n<\/tr>\n<tr>\n<td>Z\u00fcge<\/td>\n<td>ca.600<\/td>\n<\/tr>\n<tr>\n<td>Akku<\/td>\n<td>280mAh aufladbar \u00fcber USB<\/td>\n<\/tr>\n<tr>\n<td>Steuerbanderole<\/td>\n<td>Ja<\/td>\n<\/tr>\n<tr>\n<td>Inbetriebnahmeanleitung<\/td>\n<td>Selbststartend<\/td>\n<\/tr>\n<\/tbody>\n<\/table>\n<p><span class=\"hiddenGrammarError\">0%<\/span> <span class=\"hiddenSpellError\">CBG<\/span> \/ <span class=\"hiddenGrammarError\">0%<\/span> CBD \/ <span class=\"hiddenGrammarError\">0%<\/span> THC<\/p>\n<p>Hier einkaufen: <a href=\"https:\/\/flowzz.at\/\" target=\"_blank\" rel=\"noopener\"><span data-sheets-root=\"1\">Cannabis kaufen<\/span><\/a><\/p>\n<p><strong>Aromen:<\/strong><\/p>\n<ul>\n<li><strong>Tropical Ice<\/strong> bietet eine erfrischende Kombination aus exotischen Fr\u00fcchten wie Ananas, Mango und Kokosnuss, abgerundet mit einem k\u00fchlenden Hauch von Minze. Der Geschmack vermittelt das Gef\u00fchl von tropischer Frische und eisiger K\u00fchle zugleich. HHC SMASH V2<\/li>\n<li><strong>Brombeere Ice<\/strong> vereint den intensiven, s\u00fc\u00dfen und leicht s\u00e4uerlichen Geschmack von saftigen Brombeeren mit einem erfrischenden Hauch von eisiger K\u00fchle. Diese Kombination sorgt f\u00fcr ein belebendes und zugleich fruchtiges Geschmackserlebnis.<\/li>\n<li><strong>Cherry Lollipop<\/strong> bietet den s\u00fc\u00dfen, kr\u00e4ftigen Geschmack von reifen Kirschen, der an klassische Kirschlutscher erinnert. Dieser Geschmack sorgt f\u00fcr ein nostalgisches und zugleich intensives Genusserlebnis. HHC SMASH V2<\/li>\n<li><strong>Lemon Haze<\/strong> kombiniert den spritzigen und zitrusartigen Geschmack von frischen Zitronen mit einem subtilen Hauch von Kr\u00e4utern. Dieses Aroma sorgt f\u00fcr ein belebendes und erfrischendes Geschmackserlebnis.<\/li>\n<li><strong>Pineapple Express<\/strong> bietet einen intensiven, s\u00fc\u00dfen und saftigen Ananasgeschmack, der durch subtile tropische Noten erg\u00e4nzt wird. Dieses Aroma vermittelt das Gef\u00fchl eines sonnigen, tropischen Urlaubs in jedem Zug.<\/li>\n<\/ul>\n<h2><strong>Hauptwirkungen von 10-OH-HHC<\/strong><\/h2>\n<p><strong>Psychoaktive Effekte:<\/strong><br \/>\n10-OH-HHC kann, \u00e4hnlich wie THC, psychoaktive Wirkungen hervorrufen. Diese k\u00f6nnen variieren und ein Gef\u00fchl von Euphorie, ver\u00e4nderte Wahrnehmungen und erh\u00f6hte Kreativit\u00e4t beinhalten.<\/p>\n<p><strong>Schmerzlinderung:<\/strong><br \/>\nEs wird vermutet, dass 10-OH-HHC schmerzlindernde Eigenschaften hat, was es zu einer potenziellen Option f\u00fcr die Behandlung von chronischen Schmerzen macht.<\/p>\n<p><strong>Entz\u00fcndungshemmung:<\/strong><br \/>\nForschungen legen nahe, dass 10-OH-HHC entz\u00fcndungshemmende Eigenschaften besitzen k\u00f6nnte, wodurch es n\u00fctzlich bei der Behandlung von entz\u00fcndlichen Erkrankungen wie Arthritis sein k\u00f6nnte.<\/p>\n<p><strong>Appetitanregung:<\/strong><br \/>\n\u00c4hnlich wie andere Cannabinoide k\u00f6nnte 10-OH-HHC den Appetit anregen, was insbesondere f\u00fcr Personen mit Appetitverlust oder Essst\u00f6rungen vorteilhaft sein k\u00f6nnte.<\/p>\n<p><strong>Beruhigende Effekte:<\/strong><br \/>\n10-OH-HHC k\u00f6nnte beruhigende Wirkungen haben, die bei der Behandlung von Angstzust\u00e4nden oder Schlafst\u00f6rungen hilfreich sein k\u00f6nnten.<\/p>\n<p><strong>Neuroprotektive Effekte:<\/strong><br \/>\nVorl\u00e4ufige Untersuchungen deuten darauf hin, dass 10-OH-HHC neuroprotektive Eigenschaften besitzen k\u00f6nnte, was es potenziell n\u00fctzlich bei neurodegenerativen Erkrankungen wie Alzheimer oder Parkinson macht.<\/p>\n<p><strong>Fazit<\/strong><br \/>\n10-OH-HHC ist ein relativ neues Cannabinoid mit potenziell vielseitigen therapeutischen Anwendungen.<\/p>\n<p><strong>Sicherheitshinweise:<\/strong><\/p>\n<p><textarea cols=\"55\" name=\"Sicherheitshinweise\" rows=\"10\">H301 Giftig bei Verschlucken.&lt;br \/&gt;&lt;br \/&gt;&lt;br \/&gt;&lt;br \/&gt;<br \/>\nH412 Sch\u00e4dlich f\u00fcr Wasserorganismen, mit langfristiger Wirkung.&lt;br \/&gt;&lt;br \/&gt;&lt;br \/&gt;&lt;br \/&gt;<br \/>\nP101 Ist \u00e4rztlicher Rat erforderlich, Verpackung oder Kennzeichnungsetikett bereithalten.&lt;br \/&gt;&lt;br \/&gt;&lt;br \/&gt;&lt;br \/&gt;<br \/>\nP102 Darf nicht in die H\u00e4nde von Kindern gelangen.&lt;br \/&gt;&lt;br \/&gt;&lt;br \/&gt;&lt;br \/&gt;<br \/>\nP103 Vor Gebrauch Kennzeichnungsetikett lesen.&lt;br \/&gt;&lt;br \/&gt;&lt;br \/&gt;&lt;br \/&gt;<br \/>\nP264 Nach Gebrauch &#8230; gr\u00fcndlich waschen.&lt;br \/&gt;&lt;br \/&gt;&lt;br \/&gt;&lt;br \/&gt;<br \/>\nP270 Bei Gebrauch nicht essen, trinken oder rauchen.&lt;br \/&gt;&lt;br \/&gt;&lt;br \/&gt;&lt;br \/&gt;<br \/>\nP273 Freisetzung in die Umwelt vermeiden.&lt;br \/&gt;&lt;br \/&gt;&lt;br \/&gt;&lt;br \/&gt;<br \/>\nP301+P310 BEI VERSCHLUCKEN: Sofort GIFTINFORMATIONSZENTRUM\/Arzt\/\u2026 anrufen.&lt;br \/&gt;&lt;br \/&gt;&lt;br \/&gt;&lt;br \/&gt;<br \/>\nP330 Mund aussp\u00fclen.&lt;br \/&gt;&lt;br \/&gt;&lt;br \/&gt;&lt;br \/&gt;<br \/>\nP405 Unter Verschluss aufbewahren.&lt;br \/&gt;&lt;br \/&gt;&lt;br \/&gt;&lt;br \/&gt;<br \/>\nP501 Entsorgung der Inhalte\/Beh\u00e4lter gem\u00e4\u00df des \u00f6rtlichen Abfallsystems&lt;br \/&gt;&lt;br \/&gt;&lt;br \/&gt;&lt;br \/&gt;<br \/>\nEUH208 Enth\u00e4lt Linalool, Furaneol, Allyl Cyclohexanepropionate. Kann allergische Reaktionenhervor-rufen.&lt;br \/&gt;&lt;br \/&gt;&lt;br \/&gt;&lt;br \/&gt;<br \/>\nEnth\u00e4lt Nicotinbenzoat, 2-Isopropyl-N,2,3-trimethylbutyramide<\/textarea><\/p>\n<p>&nbsp;<\/p>\n<div class=\"flex flex-grow flex-col max-w-full\">\n<div class=\"min-h-[20px] text-message flex flex-col items-start gap-3 whitespace-pre-wrap break-words [.text-message+&amp;]:mt-5 overflow-x-auto\" data-message-author-role=\"assistant\" data-message-id=\"b5b59a21-feb8-4821-bb5c-318c1df32285\">\n<div class=\"markdown prose w-full break-words dark:prose-invert dark\">\n<p><strong>Hinweis f\u00fcr K\u00e4ufer:<\/strong> Der Verdampfer ist eine Ware im Sinne des <span class=\"hiddenGrammarError\">\u00a7 1837<\/span> Buchstabe g des Gesetzes Nr. 89\/2012 <span class=\"hiddenSpellError\">Slg<\/span>. Des B\u00fcrgerlichen Gesetzbuches (<span class=\"hiddenGrammarError\">&#8220;<\/span>Ware in geschlossener Verpackung, die der Verbraucher aus der Verpackung entfernt hat und die daher aus hygienischen Gr\u00fcnden nicht zur\u00fcckgegeben werden kann<span class=\"hiddenGrammarError\">&#8220;<\/span>) und daher kann der Kaufvertrag und seine Lieferung nicht widerrufen werden.<\/p>\n<p><strong>Wichtiger Hinweis:<\/strong> Um zu gew\u00e4hrleisten, dass die Ger\u00e4te einwandfrei funktionieren,<br \/>\nist es wichtig diese in einer warmen trockenen Umgebung aufzubewahren, da ansonsten Sch\u00e4den am Akku so wie sich der Aggregatzustand des\u00a0THC-P Harz in einen festen Zustand ver\u00e4ndern kann.<\/p>\n<p><strong>Entsorgung und Risiken:<\/strong> Bitte Inhalt so wie Beh\u00e4lter (Ger\u00e4t) ausschlie\u00dflich in geeigneter gekennzeichneter Form entsorgen.<\/p>\n<p>Nicht zur Einnahme geeignet. Nur f\u00fcr wissenschaftliche Zwecke geeignet.<\/p>\n<p><u>Das Ger\u00e4t f\u00e4llt nicht unter das SMG\/BTMG &amp; <span class=\"hiddenSpellError\">NPSG<\/span><\/u><\/p>\n<p>Au\u00dferhalb der Reichweite von Kindern, Jugendliche unter 18 Jahren so wie Schwangeren aufbewahren.<\/p>\n<\/div>\n<\/div>\n<\/div>\n","protected":false},"excerpt":{"rendered":"<div class=\"shortdesc\">\n<p>10-OH-HHC\u00a0Vape Pen<\/p>\n<ul>\n<li><strong>10-OH-HHC:<\/strong>\u00a0 10-OH-HHC,\u00a0 ist ein Metabolit das aus Tetrahydrocannabinol (THC) gewonnen wird. Es interagiert mit dem Endocannabinoid-System und hat potenziell therapeutische Eigenschaften, einschlie\u00dflich Schmerzlinderung, Entz\u00fcndungshemmung und Beruhigung.<\/li>\n<li><strong>Wirkung:\u00a010-OH-HHC<\/strong> hat eine vergleichbare Wirkung wie HHC, es f\u00f6rdert das allgemeine Wohlbefinden und ist zugleich leicht\u00a0psychoaktive.<\/li>\n<li><strong>Versch.\u00a0Aromen: <\/strong>Tropical Ice, Black Ice, Cherry Lollipop, Lemon Haze, Pineapple Express<\/li>\n<li><strong>Inhalt:<\/strong> 1ml, 30% 10-OH-HHC \/ 300mg<\/li>\n<li><strong>Z\u00fcge:<\/strong> ca.600<\/li>\n<\/ul>\n<\/div>\n","protected":false},"featured_media":4871,"comment_status":"open","ping_status":"closed","template":"","meta":{"rank_math_lock_modified_date":false},"product_cat":[35],"product_tag":[],"class_list":{"0":"post-4870","1":"product","2":"type-product","3":"status-publish","4":"has-post-thumbnail","6":"product_cat-10-oh-hhc","8":"first","9":"instock","10":"shipping-taxable","11":"purchasable","12":"product-type-simple"},"_links":{"self":[{"href":"https:\/\/xn--cbdbltenstore-0ob.de\/index.php?rest_route=\/wp\/v2\/product\/4870","targetHints":{"allow":["GET"]}}],"collection":[{"href":"https:\/\/xn--cbdbltenstore-0ob.de\/index.php?rest_route=\/wp\/v2\/product"}],"about":[{"href":"https:\/\/xn--cbdbltenstore-0ob.de\/index.php?rest_route=\/wp\/v2\/types\/product"}],"replies":[{"embeddable":true,"href":"https:\/\/xn--cbdbltenstore-0ob.de\/index.php?rest_route=%2Fwp%2Fv2%2Fcomments&post=4870"}],"wp:featuredmedia":[{"embeddable":true,"href":"https:\/\/xn--cbdbltenstore-0ob.de\/index.php?rest_route=\/wp\/v2\/media\/4871"}],"wp:attachment":[{"href":"https:\/\/xn--cbdbltenstore-0ob.de\/index.php?rest_route=%2Fwp%2Fv2%2Fmedia&parent=4870"}],"wp:term":[{"taxonomy":"product_cat","embeddable":true,"href":"https:\/\/xn--cbdbltenstore-0ob.de\/index.php?rest_route=%2Fwp%2Fv2%2Fproduct_cat&post=4870"},{"taxonomy":"product_tag","embeddable":true,"href":"https:\/\/xn--cbdbltenstore-0ob.de\/index.php?rest_route=%2Fwp%2Fv2%2Fproduct_tag&post=4870"}],"curies":[{"name":"wp","href":"https:\/\/api.w.org\/{rel}","templated":true}]}}