{"id":4863,"date":"2024-11-06T21:24:14","date_gmt":"2024-11-06T21:24:14","guid":{"rendered":"https:\/\/xn--cbdbltenstore-0ob.de\/?post_type=product&#038;p=4863"},"modified":"2024-11-08T15:15:45","modified_gmt":"2024-11-08T15:15:45","slug":"bickel-vaporizer","status":"publish","type":"product","link":"https:\/\/xn--cbdbltenstore-0ob.de\/?product=bickel-vaporizer","title":{"rendered":"&#8216;Crafty+ 2.0&#8217; Storz &#038; Bickel Vaporizer"},"content":{"rendered":"<div class=\"desc\">\n<h2>\u00a0Bickel Vaporizer<\/h2>\n<p>Der Crafty+ 2.0 ist <a href=\"https:\/\/www.hanfgartenshop.de\/white-widow-premium-bluten.html\" target=\"_blank\" rel=\"noopener\">aktuell<\/a> der kleinste tragbare <a href=\"https:\/\/xn--cbdbltenstore-0ob.de\/product\/crafty-2-0-storz-bickel-vaporizer\/\">Vaporizer <\/a>von der Marke Storz &amp; Bickel.<br \/>\nDieses Ger\u00e4t verf\u00fcgt \u00fcber einen leistungsstarken Lithium-Ionen-Akku, <span class=\"hiddenGrammarError\">der<\/span> Ihnen zus\u00e4tzlich ein unverwechselbar sanftes Raucherlebnis bietet.<br \/>\nDank verbesserter Bluetooth Technik k\u00f6nnen Sie das Ger\u00e4t zus\u00e4tzlich mit einer Smartphone-App steuern (Storz &amp; Bickel Web-App). Bickel <a href=\"https:\/\/xn--cbdbltenstore-0ob.de\/product\/bickel-vaporizer\/\">Vaporizer<\/a><\/p>\n<p>&nbsp;<\/p>\n<h4>Eigenschaften:<\/h4>\n<ul>\n<li>USB-C Ladebuchse.<\/li>\n<li>25 Minuten schnellere Ladezeit.<\/li>\n<li>um 30% schnellere Erw\u00e4rmung.<\/li>\n<li>Maximaltemperatur von 210\u00b0C.<\/li>\n<li>verbesserte Lebensdauer der Batterie.<\/li>\n<li>verbesserte Materialien.<\/li>\n<li>Super-Boost-Modus.<\/li>\n<li>Keramikbeschichtete F\u00fcllkammer.<\/li>\n<li>Ein-Tasten-Steuerung.<\/li>\n<li>3 voreingestellte Temperaturen.<\/li>\n<li>Hervorragender Luftstrom.<\/li>\n<li>Unverf\u00e4lschter Geschmack.<\/li>\n<li>Personalisierte Einstellung via App.<\/li>\n<li>2 Jahre Gew\u00e4hrleistung + 1 Jahr Garantie nach Registrierung Bei Storz &amp; Bickel.<\/li>\n<\/ul>\n<p>&nbsp;<\/p>\n<h4>Lieferumfang: Bickel Vaporizer<\/h4>\n<ul>\n<li>1 St\u00a0 CRAFTY+ 2.0<\/li>\n<li>1 St. USB-C Kabel<\/li>\n<li>1 St. Dosierkapsel<\/li>\n<li>3 St. Bodendichtring, klein<\/li>\n<li>3 St. Normalsieb, klein<\/li>\n<li>3 St. Grobsieb, klein<\/li>\n<li>1 St. Reinigungspinsel<\/li>\n<li>1 St. Sicherheitshinweise<\/li>\n<li>1 St. Kurz-Gebrauchsanweisung<\/li>\n<\/ul>\n<p>Achtung: Dieses Ger\u00e4t ist ausschlie\u00dflich nur f\u00fcr den Gebrauch von Bl\u00fcten oder anderen Festen Stoffen gedacht!<\/p>\n<p>&nbsp;<\/p>\n<p>Bestellen Sie jetzt<strong>\u00a0<\/strong>Crafty+ 2.0\u00a0online!<\/p>\n<p><strong>Sicherheitshinweise:<\/strong><\/p>\n<p><textarea cols=\"55\" name=\"Sicherheitshinweise\" rows=\"10\">H301 Giftig bei Verschlucken.&lt;br \/&gt;&lt;br \/&gt;&lt;br \/&gt;<br \/>\nH412 Sch\u00e4dlich f\u00fcr Wasserorganismen, mit langfristiger Wirkung.&lt;br \/&gt;&lt;br \/&gt;&lt;br \/&gt;<br \/>\nP101 Ist \u00e4rztlicher Rat erforderlich, Verpackung oder Kennzeichnungsetikett bereithalten.&lt;br \/&gt;&lt;br \/&gt;&lt;br \/&gt;<br \/>\nP102 Darf nicht in die H\u00e4nde von Kindern gelangen.&lt;br \/&gt;&lt;br \/&gt;&lt;br \/&gt;<br \/>\nP103 Vor Gebrauch Kennzeichnungsetikett lesen.&lt;br \/&gt;&lt;br \/&gt;&lt;br \/&gt;<br \/>\nP264 Nach Gebrauch &#8230; gr\u00fcndlich waschen.&lt;br \/&gt;&lt;br \/&gt;&lt;br \/&gt;<br \/>\nP270 Bei Gebrauch nicht essen, trinken oder rauchen.&lt;br \/&gt;&lt;br \/&gt;&lt;br \/&gt;<br \/>\nP273 Freisetzung in die Umwelt vermeiden.&lt;br \/&gt;&lt;br \/&gt;&lt;br \/&gt;<br \/>\nP301+P310 BEI VERSCHLUCKEN: Sofort GIFTINFORMATIONSZENTRUM\/Arzt\/\u2026 anrufen.&lt;br \/&gt;&lt;br \/&gt;&lt;br \/&gt;<br \/>\nP330 Mund aussp\u00fclen.&lt;br \/&gt;&lt;br \/&gt;&lt;br \/&gt;<br \/>\nP405 Unter Verschluss aufbewahren.&lt;br \/&gt;&lt;br \/&gt;&lt;br \/&gt;<br \/>\nP501 Entsorgung der Inhalte\/Beh\u00e4lter gem\u00e4\u00df des \u00f6rtlichen Abfallsystems&lt;br \/&gt;&lt;br \/&gt;&lt;br \/&gt;<br \/>\nEUH208 Enth\u00e4lt Linalool, Furaneol, Allyl Cyclohexanepropionate. Kann allergische Reaktionenhervor-rufen.&lt;br \/&gt;&lt;br \/&gt;&lt;br \/&gt;<br \/>\nEnth\u00e4lt Nicotinbenzoat, 2-Isopropyl-N,2,3-trimethylbutyramide<\/textarea><\/p>\n<p>&nbsp;<\/p>\n<\/div>\n<div class=\"product-attributes\">\n<table class=\"table table-sm table-striped table-bordered-outline\">\n<tbody>\n<tr class=\"attr-contents\">\n<td class=\"h6\"><\/td>\n<\/tr>\n<\/tbody>\n<\/table>\n<\/div>\n","protected":false},"excerpt":{"rendered":"<p>\u00a0Bickel Vaporizer Der Crafty+ 2.0 ist aktuell der kleinste tragbare Vaporizer von der Marke Storz &amp; Bickel. Dieses Ger\u00e4t verf\u00fcgt \u00fcber einen leistungsstarken Lithium-Ionen-Akku, der Ihnen zus\u00e4tzlich ein unverwechselbar sanftes Raucherlebnis bietet. Dank verbesserter Bluetooth Technik k\u00f6nnen Sie das Ger\u00e4t zus\u00e4tzlich mit einer Smartphone-App steuern (Storz &amp; Bickel Web-App). Bickel Vaporizer &nbsp; Eigenschaften: USB-C Ladebuchse. &hellip; <a href=\"https:\/\/xn--cbdbltenstore-0ob.de\/?product=bickel-vaporizer\" class=\"more-link\">Continue reading <span class=\"screen-reader-text\">&#8216;Crafty+ 2.0&#8217; Storz &#038; Bickel Vaporizer<\/span><\/a><\/p>\n","protected":false},"featured_media":4865,"comment_status":"open","ping_status":"closed","template":"","meta":{"rank_math_lock_modified_date":false},"product_cat":[36],"product_tag":[],"class_list":{"0":"post-4863","1":"product","2":"type-product","3":"status-publish","4":"has-post-thumbnail","6":"product_cat-cbd-vape","8":"first","9":"instock","10":"shipping-taxable","11":"purchasable","12":"product-type-simple"},"_links":{"self":[{"href":"https:\/\/xn--cbdbltenstore-0ob.de\/index.php?rest_route=\/wp\/v2\/product\/4863","targetHints":{"allow":["GET"]}}],"collection":[{"href":"https:\/\/xn--cbdbltenstore-0ob.de\/index.php?rest_route=\/wp\/v2\/product"}],"about":[{"href":"https:\/\/xn--cbdbltenstore-0ob.de\/index.php?rest_route=\/wp\/v2\/types\/product"}],"replies":[{"embeddable":true,"href":"https:\/\/xn--cbdbltenstore-0ob.de\/index.php?rest_route=%2Fwp%2Fv2%2Fcomments&post=4863"}],"wp:featuredmedia":[{"embeddable":true,"href":"https:\/\/xn--cbdbltenstore-0ob.de\/index.php?rest_route=\/wp\/v2\/media\/4865"}],"wp:attachment":[{"href":"https:\/\/xn--cbdbltenstore-0ob.de\/index.php?rest_route=%2Fwp%2Fv2%2Fmedia&parent=4863"}],"wp:term":[{"taxonomy":"product_cat","embeddable":true,"href":"https:\/\/xn--cbdbltenstore-0ob.de\/index.php?rest_route=%2Fwp%2Fv2%2Fproduct_cat&post=4863"},{"taxonomy":"product_tag","embeddable":true,"href":"https:\/\/xn--cbdbltenstore-0ob.de\/index.php?rest_route=%2Fwp%2Fv2%2Fproduct_tag&post=4863"}],"curies":[{"name":"wp","href":"https:\/\/api.w.org\/{rel}","templated":true}]}}