{"id":4857,"date":"2024-11-06T21:22:13","date_gmt":"2024-11-06T21:22:13","guid":{"rendered":"https:\/\/xn--cbdbltenstore-0ob.de\/?post_type=product&#038;p=4857"},"modified":"2025-05-27T13:21:55","modified_gmt":"2025-05-27T13:21:55","slug":"bickel-vaporizer-2","status":"publish","type":"product","link":"https:\/\/xn--cbdbltenstore-0ob.de\/?product=bickel-vaporizer-2","title":{"rendered":"&#8216;Mighty+&#8217; Storz &#038; Bickel Vaporizer"},"content":{"rendered":"<h2>Bickel Vaporizer<\/h2>\n<p>Der Mighty+ Verdampfer zeichnet sich durch eine sehr einfache <a href=\"https:\/\/xn--cbdbltenstore-0ob.de\/product\/mighty-storz-bickel-vaporizer\/\">Handhabung<\/a> aus. Durch das <a href=\"https:\/\/xn--cbdbltenstore-0ob.de\">integrierte<\/a> LED-Display kann die Temperatur einfach und schnell direkt am Ger\u00e4t eingestellt und der Ladezustand des Akkus abgelesen werden. Der &#8216;Mighty+&#8217; <a href=\"https:\/\/www.hanfgartenshop.de\/white-widow-premium-bluten.html\" target=\"_blank\" rel=\"noopener\">besitzt<\/a> zwei Hochleistungsakkus, die eine l\u00e4ngere Nutzungsdauer und ein schnelleres Aufheizen erm\u00f6glichen.<br \/>\nMerkmale:<\/p>\n<p>USB-C Anschluss in ca. 40 Minuten zu 80% geladen.<br \/>\nVerbessertes Material beim Geh\u00e4use.<br \/>\nVolle Leistung: Dreimaliges Dr\u00fccken des Einschaltknopfes Aktiviert die Maximaltemperatur von 210 \u00b0C.<br \/>\n60 Sekunden bis zur vollst\u00e4ndigen Aufheizung.<br \/>\nKeramikbeschichtung der Heizkammer<\/p>\n<p>Lieferumfang:<\/p>\n<p>1 St. MIGHTY<br \/>\n1 St. Netzteil 12 V<br \/>\n3 St. Bodendichtring klein<br \/>\n3 St. Normalsieb, klein<br \/>\n3 St. Grobsieb, klein<br \/>\n1 St. F\u00fcllhilfe<br \/>\n1 St. Kr\u00e4uterm\u00fchle (ca. \u00d8 59 mm)<br \/>\n1 St. Dosierkapsel<br \/>\n1 St. Reinigungspinsel<br \/>\n1 St. Gebrauchsanweisung<\/p>\n<p>Achtung: Dieses Ger\u00e4t ist ausschlie\u00dflich nur f\u00fcr den Gebrauch von Bl\u00fcten oder anderen Festen Materialien gedacht!<\/p>\n<p>Achtung: Empfohlen wird das Laden \u00fcber ein USB-Netzteiladapter mit einem Ladestromausgang von mindestens 1 Ampere!<\/p>\n<p>Bestellen Sie jetzt Mighty+ online!<\/p>\n<p>Sicherheitshinweise:<\/p>\n<p>H301 Giftig bei Verschlucken.<br \/>\nH412 Sch\u00e4dlich f\u00fcr Wasserorganismen, mit langfristiger Wirkung.<br \/>\nP101 Ist \u00e4rztlicher Rat erforderlich, Verpackung oder Kennzeichnungsetikett bereithalten.<br \/>\nP102 Darf nicht in die H\u00e4nde von Kindern gelangen.<br \/>\nP103 Vor Gebrauch Kennzeichnungsetikett lesen.<br \/>\nP264 Nach Gebrauch &#8230; gr\u00fcndlich waschen.<br \/>\nP270 Bei Gebrauch nicht essen, trinken oder rauchen.<br \/>\nP273 Freisetzung in die Umwelt vermeiden.<br \/>\nP301+P310 BEI VERSCHLUCKEN: Sofort GIFTINFORMATIONSZENTRUM\/Arzt\/\u2026 anrufen.<br \/>\nP330 Mund aussp\u00fclen.<br \/>\nP405 Unter Verschluss aufbewahren.<br \/>\nP501 Entsorgung der Inhalte\/Beh\u00e4lter gem\u00e4\u00df des \u00f6rtlichen Abfallsystems<br \/>\nEUH208 Enth\u00e4lt Linalool, Furaneol, Allyl Cyclohexanepropionate. Kann allergische Reaktionenhervor-rufen.<br \/>\nEnth\u00e4lt Nicotinbenzoat, 2-Isopropyl-N,2,3-trimethylbutyramide<\/p>\n<p>Hier einkaufen: <a href=\"https:\/\/flowzz.at\/\" target=\"_blank\" rel=\"noopener\"><span data-sheets-root=\"1\">Medcanonestop<\/span><\/a><\/p>\n","protected":false},"excerpt":{"rendered":"<p><strong>Mighty+ &#8221;Storz &amp; Bickel&#8221; (Bl\u00fcten Verdampfer)<\/strong><\/p>\n","protected":false},"featured_media":4858,"comment_status":"open","ping_status":"closed","template":"","meta":{"rank_math_lock_modified_date":false},"product_cat":[36],"product_tag":[],"class_list":{"0":"post-4857","1":"product","2":"type-product","3":"status-publish","4":"has-post-thumbnail","6":"product_cat-cbd-vape","8":"first","9":"instock","10":"shipping-taxable","11":"purchasable","12":"product-type-simple"},"_links":{"self":[{"href":"https:\/\/xn--cbdbltenstore-0ob.de\/index.php?rest_route=\/wp\/v2\/product\/4857","targetHints":{"allow":["GET"]}}],"collection":[{"href":"https:\/\/xn--cbdbltenstore-0ob.de\/index.php?rest_route=\/wp\/v2\/product"}],"about":[{"href":"https:\/\/xn--cbdbltenstore-0ob.de\/index.php?rest_route=\/wp\/v2\/types\/product"}],"replies":[{"embeddable":true,"href":"https:\/\/xn--cbdbltenstore-0ob.de\/index.php?rest_route=%2Fwp%2Fv2%2Fcomments&post=4857"}],"wp:featuredmedia":[{"embeddable":true,"href":"https:\/\/xn--cbdbltenstore-0ob.de\/index.php?rest_route=\/wp\/v2\/media\/4858"}],"wp:attachment":[{"href":"https:\/\/xn--cbdbltenstore-0ob.de\/index.php?rest_route=%2Fwp%2Fv2%2Fmedia&parent=4857"}],"wp:term":[{"taxonomy":"product_cat","embeddable":true,"href":"https:\/\/xn--cbdbltenstore-0ob.de\/index.php?rest_route=%2Fwp%2Fv2%2Fproduct_cat&post=4857"},{"taxonomy":"product_tag","embeddable":true,"href":"https:\/\/xn--cbdbltenstore-0ob.de\/index.php?rest_route=%2Fwp%2Fv2%2Fproduct_tag&post=4857"}],"curies":[{"name":"wp","href":"https:\/\/api.w.org\/{rel}","templated":true}]}}