{"id":4854,"date":"2024-11-06T21:20:58","date_gmt":"2024-11-06T21:20:58","guid":{"rendered":"https:\/\/xn--cbdbltenstore-0ob.de\/?post_type=product&#038;p=4854"},"modified":"2024-11-08T15:15:49","modified_gmt":"2024-11-08T15:15:49","slug":"8-dosierkapseln-fur-krauter","status":"publish","type":"product","link":"https:\/\/xn--cbdbltenstore-0ob.de\/?product=8-dosierkapseln-fur-krauter","title":{"rendered":"&#8216;Storz &#038; Bickel&#8217; 8 Dosierkapseln f\u00fcr Kr\u00e4uter"},"content":{"rendered":"<h2>8 Dosierkapseln f\u00fcr Kr\u00e4uter<\/h2>\n<p>Dosiermagazin mit 8 Dosierkapseln. Sehr <a href=\"https:\/\/xn--cbdbltenstore-0ob.de\/product\/storz-bickel-8-dosierkapseln-fur-krauter\/\">praktisch<\/a> um <a href=\"https:\/\/www.hanfgartenshop.de\/white-widow-premium-bluten.html\" target=\"_blank\" rel=\"noopener\">gr\u00f6\u00dfere<\/a> oder kleinere Mengen auf Vorrat zu verpacken und gegebenenfalls \u00fcberall mit hinzunehmen.<br \/>\nSie sind geeignet f\u00fcr den &#8216;<span class=\"hiddenSpellError\">Mighty<\/span><span class=\"hiddenGrammarError\">&#8216;<\/span>, &#8216;<span class=\"hiddenSpellError\">Crafty<\/span><span class=\"hiddenGrammarError\">&#8216;<\/span>, Easy <span class=\"hiddenSpellError\">Valve<\/span>, und <span class=\"hiddenSpellError\">Plenty<\/span>.<\/p>\n<p>White Widow ist eine wahre Ber\u00fchmtheit und ein Strain, der bereits viele Preise abger\u00e4umt hat! Ja, man k\u00f6nnte sie wahrlich als K\u00f6nigin der Cannabissorten bezeichnen. Sie darf auf keiner Men\u00fckarte in holl\u00e4ndischen Coffee Shops fehlen und ist als starke, leicht anzubauende Sorte bei Nutzern wie Z\u00fcchtern sehr beliebt. Ihr herzhaft w\u00fcrziges Aroma verfehlt seine Wirkung nicht. Mit einem Hauch von Kiefer entfaltet sich beim Rauchen ein k\u00f6stlich s\u00fc\u00dfer und fruchtiger Geschmack, mit einem leicht s\u00e4uerlichen Abgang. Der THC-Gehalt der \u201ewei\u00dfen Witwe\u201c liegt unter 0.2% und macht sie somit 100 % legal.<\/p>\n","protected":false},"excerpt":{"rendered":"<div class=\"shortdesc\">\n<p class=\"product--title\"><strong>Dosiermagazin mit 8 Dosierkapseln f\u00fcr Kr\u00e4uter.<\/strong><\/p>\n<\/div>\n","protected":false},"featured_media":4855,"comment_status":"open","ping_status":"closed","template":"","meta":{"rank_math_lock_modified_date":false},"product_cat":[36],"product_tag":[],"class_list":{"0":"post-4854","1":"product","2":"type-product","3":"status-publish","4":"has-post-thumbnail","6":"product_cat-cbd-vape","8":"first","9":"instock","10":"shipping-taxable","11":"purchasable","12":"product-type-simple"},"_links":{"self":[{"href":"https:\/\/xn--cbdbltenstore-0ob.de\/index.php?rest_route=\/wp\/v2\/product\/4854","targetHints":{"allow":["GET"]}}],"collection":[{"href":"https:\/\/xn--cbdbltenstore-0ob.de\/index.php?rest_route=\/wp\/v2\/product"}],"about":[{"href":"https:\/\/xn--cbdbltenstore-0ob.de\/index.php?rest_route=\/wp\/v2\/types\/product"}],"replies":[{"embeddable":true,"href":"https:\/\/xn--cbdbltenstore-0ob.de\/index.php?rest_route=%2Fwp%2Fv2%2Fcomments&post=4854"}],"wp:featuredmedia":[{"embeddable":true,"href":"https:\/\/xn--cbdbltenstore-0ob.de\/index.php?rest_route=\/wp\/v2\/media\/4855"}],"wp:attachment":[{"href":"https:\/\/xn--cbdbltenstore-0ob.de\/index.php?rest_route=%2Fwp%2Fv2%2Fmedia&parent=4854"}],"wp:term":[{"taxonomy":"product_cat","embeddable":true,"href":"https:\/\/xn--cbdbltenstore-0ob.de\/index.php?rest_route=%2Fwp%2Fv2%2Fproduct_cat&post=4854"},{"taxonomy":"product_tag","embeddable":true,"href":"https:\/\/xn--cbdbltenstore-0ob.de\/index.php?rest_route=%2Fwp%2Fv2%2Fproduct_tag&post=4854"}],"curies":[{"name":"wp","href":"https:\/\/api.w.org\/{rel}","templated":true}]}}