{"id":4841,"date":"2024-11-06T21:16:55","date_gmt":"2024-11-06T21:16:55","guid":{"rendered":"https:\/\/xn--cbdbltenstore-0ob.de\/?post_type=product&#038;p=4841"},"modified":"2025-05-27T13:22:05","modified_gmt":"2025-05-27T13:22:05","slug":"ispire-pen-akkutrager","status":"publish","type":"product","link":"https:\/\/xn--cbdbltenstore-0ob.de\/?product=ispire-pen-akkutrager","title":{"rendered":"Ispire Pen Akkutr\u00e4ger &#8211; SRT V270"},"content":{"rendered":"<h2><strong>Ispire Pen Akkutr\u00e4ger<\/strong><\/h2>\n<p>Der Ispire SRT V270 ist <a href=\"https:\/\/www.hanfgartenshop.de\/white-widow-premium-bluten.html\" target=\"_blank\" rel=\"noopener\">Ispires<\/a> Stift-Akku, der <a href=\"https:\/\/xn--cbdbltenstore-0ob.de\/product\/ispire-pen-akkutrager-srt-v270\/\">speziell<\/a> f\u00fcr Standardkartuschen (11 mm) <a href=\"https:\/\/xn--cbdbltenstore-0ob.de\">entwickelt<\/a> wurde. Der SRT V270 wurde geschaffen, um perfekt mit der Ispire Ducore S-Kartusche zu harmonieren, ist jedoch auch mit den meisten 510-Gewinde\u00f6l-Kartuschen auf dem Markt kompatibel. Ispire Pen Akkutr\u00e4ger<\/p>\n<p>Der Ispire SRT V270 ist ein Akku mit variabler Spannung. Die Spannungseinstellung kann durch dreimaliges Dr\u00fccken des Knopfs ge\u00e4ndert werden.<br \/>\n<strong>Wichtig:<\/strong><\/p>\n<p>Zum Starten (Entsperren der Kindersicherung) bitte 5 Mal den Startknopf dr\u00fccken. Um das Ger\u00e4t nachtr\u00e4glich zu sperren, bitte erneut 5 Mal den Startknopf dr\u00fccken.<\/p>\n<p>Hier einkaufen: <a href=\"https:\/\/flowzz.at\/\" target=\"_blank\" rel=\"noopener\"><span data-sheets-root=\"1\">Afghan kush<\/span><\/a><\/p>\n<p><strong>Farben:<\/strong><\/p>\n<ul>\n<li>Schwarz<\/li>\n<li>Wei\u00df<\/li>\n<\/ul>\n<p>&nbsp;<\/p>\n<p><strong>Spannungseinstellungen:<\/strong><\/p>\n<ul>\n<li>Niedrig = Blau (2,8 V)<\/li>\n<li>Mittel = Gr\u00fcn (3,2 V)<\/li>\n<li>Hoch = Rot (3,6 V)<\/li>\n<\/ul>\n<p><strong>Details:<\/strong><\/p>\n<ul>\n<li>Batteriekapazit\u00e4t: 270mAh<\/li>\n<li>Kompatieble Kartuschengr\u00f6\u00dfe: 11mm<\/li>\n<li>Hardware Material: Edelstahl<\/li>\n<li>Ma\u00dfe: 82 x 11mm<\/li>\n<li>Gewicht: 19g<\/li>\n<li>Wiederaufladbar.<\/li>\n<li>Ladekabel inkl.<\/li>\n<li>Ladekabel L\u00e4nge: 26cm<\/li>\n<li>Ladekabel Typ: Micro USB Typ-B<\/li>\n<li>Ladestrom: 0,5 A<\/li>\n<li>Ausgangsspannung. 2.8 \/ 3.2 \/ 3.6 V<\/li>\n<li>\u00dcberladungsschutz: ja<\/li>\n<li>Aktivierung: Per Knopfdruck<\/li>\n<\/ul>\n<p><strong>Lieferumfang:<\/strong><\/p>\n<p>1x Ispire Pen Akkutr\u00e4ger &#8211; SRT V270<\/p>\n<p>1x Ladekabel: Micro USB Typ-B<br \/>\n<strong>Sicherheitsvorkehrungen:<\/strong><\/p>\n<p>Ispire nimmt Ihre Sicherheit ernst und hat diesen Akku mit wichtigen Funktionen wie Kindersicherung, \u00dcberladungsschutz, \u00dcberhitzungsschutz, Unterspannungsschutz und Kurzschlussschutz ausgestattet, um ein sicheres Dampfen und Ladeerlebnis zu gew\u00e4hrleisten.<\/p>\n<p>Bei regelm\u00e4\u00dfiger Nutzung empfiehlt der Hersteller, den Akkutr\u00e4ger gelegentlich aufzuladen.<\/p>\n<p><strong>Hinweis:<\/strong><\/p>\n<p>Beh\u00e4lter gem\u00e4\u00df der Vorschriften entsorgen.<\/p>\n<p>Die gezeigten Bilder dienen nur als Referenz, das tats\u00e4chliche aussehen des Produkts kann etwas\u00a0abweichen.<\/p>\n<p><strong>Sicherheitshinweise:<\/strong><\/p>\n<p><textarea cols=\"55\" name=\"Sicherheitshinweise\" rows=\"10\">H301 Giftig bei Verschlucken.&lt;br \/&gt;&lt;br \/&gt;<br \/>\nH412 Sch\u00e4dlich f\u00fcr Wasserorganismen, mit langfristiger Wirkung.&lt;br \/&gt;&lt;br \/&gt;<br \/>\nP101 Ist \u00e4rztlicher Rat erforderlich, Verpackung oder Kennzeichnungsetikett bereithalten.&lt;br \/&gt;&lt;br \/&gt;<br \/>\nP102 Darf nicht in die H\u00e4nde von Kindern gelangen.&lt;br \/&gt;&lt;br \/&gt;<br \/>\nP103 Vor Gebrauch Kennzeichnungsetikett lesen.&lt;br \/&gt;&lt;br \/&gt;<br \/>\nP264 Nach Gebrauch &#8230; gr\u00fcndlich waschen.&lt;br \/&gt;&lt;br \/&gt;<br \/>\nP270 Bei Gebrauch nicht essen, trinken oder rauchen.&lt;br \/&gt;&lt;br \/&gt;<br \/>\nP273 Freisetzung in die Umwelt vermeiden.&lt;br \/&gt;&lt;br \/&gt;<br \/>\nP301+P310 BEI VERSCHLUCKEN: Sofort GIFTINFORMATIONSZENTRUM\/Arzt\/\u2026 anrufen.&lt;br \/&gt;&lt;br \/&gt;<br \/>\nP330 Mund aussp\u00fclen.&lt;br \/&gt;&lt;br \/&gt;<br \/>\nP405 Unter Verschluss aufbewahren.&lt;br \/&gt;&lt;br \/&gt;<br \/>\nP501 Entsorgung der Inhalte\/Beh\u00e4lter gem\u00e4\u00df des \u00f6rtlichen Abfallsystems&lt;br \/&gt;&lt;br \/&gt;<br \/>\nEUH208 Enth\u00e4lt Linalool, Furaneol, Allyl Cyclohexanepropionate. Kann allergische Reaktionenhervor-rufen.&lt;br \/&gt;&lt;br \/&gt;<br \/>\nEnth\u00e4lt Nicotinbenzoat, 2-Isopropyl-N,2,3-trimethylbutyramide<\/textarea><\/p>\n<p>&nbsp;<\/p>\n","protected":false},"excerpt":{"rendered":"<p>Spannungseinstellungen:<\/p>\n<ul>\n<li>Niedrig = Blau (2,8 V)<\/li>\n<li>Mittel = Gr\u00fcn (3,2 V)<\/li>\n<li>Hoch = Rot (3,6 V)<\/li>\n<\/ul>\n<p>Details:<\/p>\n<ul>\n<li>Batteriekapazit\u00e4t: 270mAh<\/li>\n<li>Ma\u00dfe: 82 x 11mm<\/li>\n<li>Gewicht: 19g<\/li>\n<li>Wiederaufladbar.<\/li>\n<li>Ladekabel inkl.<\/li>\n<li>Ladekabel L\u00e4nge: 26cm<\/li>\n<li>Ladekabel Typ: Micro USB Typ-B<\/li>\n<\/ul>\n","protected":false},"featured_media":4843,"comment_status":"open","ping_status":"closed","template":"","meta":{"rank_math_lock_modified_date":false},"product_cat":[36,85],"product_tag":[],"class_list":{"0":"post-4841","1":"product","2":"type-product","3":"status-publish","4":"has-post-thumbnail","6":"product_cat-cbd-vape","7":"product_cat-neu-im-sortiment","9":"first","10":"instock","11":"shipping-taxable","12":"purchasable","13":"product-type-simple"},"_links":{"self":[{"href":"https:\/\/xn--cbdbltenstore-0ob.de\/index.php?rest_route=\/wp\/v2\/product\/4841","targetHints":{"allow":["GET"]}}],"collection":[{"href":"https:\/\/xn--cbdbltenstore-0ob.de\/index.php?rest_route=\/wp\/v2\/product"}],"about":[{"href":"https:\/\/xn--cbdbltenstore-0ob.de\/index.php?rest_route=\/wp\/v2\/types\/product"}],"replies":[{"embeddable":true,"href":"https:\/\/xn--cbdbltenstore-0ob.de\/index.php?rest_route=%2Fwp%2Fv2%2Fcomments&post=4841"}],"wp:featuredmedia":[{"embeddable":true,"href":"https:\/\/xn--cbdbltenstore-0ob.de\/index.php?rest_route=\/wp\/v2\/media\/4843"}],"wp:attachment":[{"href":"https:\/\/xn--cbdbltenstore-0ob.de\/index.php?rest_route=%2Fwp%2Fv2%2Fmedia&parent=4841"}],"wp:term":[{"taxonomy":"product_cat","embeddable":true,"href":"https:\/\/xn--cbdbltenstore-0ob.de\/index.php?rest_route=%2Fwp%2Fv2%2Fproduct_cat&post=4841"},{"taxonomy":"product_tag","embeddable":true,"href":"https:\/\/xn--cbdbltenstore-0ob.de\/index.php?rest_route=%2Fwp%2Fv2%2Fproduct_tag&post=4841"}],"curies":[{"name":"wp","href":"https:\/\/api.w.org\/{rel}","templated":true}]}}