{"id":4822,"date":"2024-11-06T20:54:06","date_gmt":"2024-11-06T20:54:06","guid":{"rendered":"https:\/\/xn--cbdbltenstore-0ob.de\/?post_type=product&#038;p=4822"},"modified":"2025-05-24T16:18:36","modified_gmt":"2025-05-24T16:18:36","slug":"blauer-lotus-pre-rooled","status":"publish","type":"product","link":"https:\/\/xn--cbdbltenstore-0ob.de\/?product=blauer-lotus-pre-rooled","title":{"rendered":"Blauer Lotus Pre-rooled"},"content":{"rendered":"<h1>Blauer Lotus Pre-rooled<\/h1>\n<p>&nbsp;<\/p>\n<p>Der <strong>Blauer Lotus Pre-<a href=\"https:\/\/sixty8.ro\/cookies\/puff-watermelon-lemonade-15k-nicotine-cookies\" target=\"_blank\" rel=\"noopener\">Rolled<\/a><\/strong> <strong>Joint<\/strong> bietet <a href=\"https:\/\/xn--cbdbltenstore-0ob.de\/product\/blauer-lotus-pre-rooled\/\">Ihnen<\/a> eine entspannende <a href=\"https:\/\/xn--cbdbltenstore-0ob.de\">Erfahrung<\/a>, die die alte Tradition des Blauen Lotus auf moderne Weise erlebbar macht. Die Blume des Blauen Lotus (Nymphaea caerulea), die f\u00fcr ihre beruhigenden und leicht euphorisierenden Effekte bekannt ist, wurde schon im alten \u00c4gypten hochgesch\u00e4tzt. Jetzt k\u00f6nnen Sie diese besondere Pflanze in einem sorgf\u00e4ltig vorgerollten Joint genie\u00dfen.<\/p>\n<p>Dieser Joint enth\u00e4lt 100% reinen Blauen Lotus, frei von Zus\u00e4tzen und Tabak, und bietet ein sanftes Raucherlebnis mit einem dezenten, blumigen Aroma. Perfekt f\u00fcr entspannende Momente, f\u00f6rdert der Blaue Lotus ein Gef\u00fchl der Ruhe und Leichtigkeit.<\/p>\n<p>Ob f\u00fcr Anf\u00e4nger oder erfahrene Konsumenten \u2013 der Blauer Lotus <a href=\"https:\/\/hanfgartenshops.de\/\" target=\"_blank\" rel=\"noopener\">Pre-Rolled Joint<\/a> erm\u00f6glicht Ihnen auf einfache Weise, die wohltuenden Eigenschaften dieser einzigartigen Pflanze zu entdecken.<\/p>\n<h2>Blauer Lotus Pre-rooled<\/h2>\n<h2><strong>Gebrauchsinformationen:<\/strong><\/h2>\n<ul>\n<li>Lagern Sie die\u00a0<strong>Blauer Lotus Pre-Rolled<\/strong> <strong>Joint<\/strong> dunkel und trocken.<\/li>\n<li>Au\u00dferhalb der Reichweite von Kindern aufbewahren.<\/li>\n<li>Der Verkauf findet ausschlie\u00dflich an Personen \u00fcber 18 Jahren statt.<\/li>\n<li>Dieses Produkt ist nicht f\u00fcr Schwangere oder stillende M\u00fctter sowie Kinder geeignet!<\/li>\n<\/ul>\n<p><strong>Hinweis zu den Blauer Lotus Pre-Rolled<\/strong> <strong>Joint:<\/strong><\/p>\n<p>Die\u00a0<a href=\"https:\/\/hanfgartenshops.de\/\" target=\"_blank\" rel=\"noopener\"><strong>Blauer Lotus Pre-Rolled<\/strong> <strong>Joint<\/strong> <\/a>unterliegen den nat\u00fcrlichen Schwankungen und k\u00f6nnen von Charge zu Charge in der Beschaffenheit, Aussehen variieren.<\/p>\n<p>Dieses Produkt ist nicht zum Verzehr geeignet.<\/p>\n<p>Die gezeigten Bilder dienen nur als Referenz. Das tats\u00e4chliche Aussehen des Produkts kann abweichen.<\/p>\n","protected":false},"excerpt":{"rendered":"<p>Blauer Lotus Pre-rooled &nbsp; Der Blauer Lotus Pre-Rolled Joint bietet Ihnen eine entspannende Erfahrung, die die alte Tradition des Blauen Lotus auf moderne Weise erlebbar macht. Die Blume des Blauen Lotus (Nymphaea caerulea), die f\u00fcr ihre beruhigenden und leicht euphorisierenden Effekte bekannt ist, wurde schon im alten \u00c4gypten hochgesch\u00e4tzt. Jetzt k\u00f6nnen Sie diese besondere Pflanze &hellip; <a href=\"https:\/\/xn--cbdbltenstore-0ob.de\/?product=blauer-lotus-pre-rooled\" class=\"more-link\">Continue reading <span class=\"screen-reader-text\">Blauer Lotus Pre-rooled<\/span><\/a><\/p>\n","protected":false},"featured_media":4824,"comment_status":"open","ping_status":"closed","template":"","meta":{"rank_math_lock_modified_date":false},"product_cat":[87],"product_tag":[],"class_list":{"0":"post-4822","1":"product","2":"type-product","3":"status-publish","4":"has-post-thumbnail","6":"product_cat-smart-shop","8":"first","9":"instock","10":"shipping-taxable","11":"purchasable","12":"product-type-simple"},"_links":{"self":[{"href":"https:\/\/xn--cbdbltenstore-0ob.de\/index.php?rest_route=\/wp\/v2\/product\/4822","targetHints":{"allow":["GET"]}}],"collection":[{"href":"https:\/\/xn--cbdbltenstore-0ob.de\/index.php?rest_route=\/wp\/v2\/product"}],"about":[{"href":"https:\/\/xn--cbdbltenstore-0ob.de\/index.php?rest_route=\/wp\/v2\/types\/product"}],"replies":[{"embeddable":true,"href":"https:\/\/xn--cbdbltenstore-0ob.de\/index.php?rest_route=%2Fwp%2Fv2%2Fcomments&post=4822"}],"wp:featuredmedia":[{"embeddable":true,"href":"https:\/\/xn--cbdbltenstore-0ob.de\/index.php?rest_route=\/wp\/v2\/media\/4824"}],"wp:attachment":[{"href":"https:\/\/xn--cbdbltenstore-0ob.de\/index.php?rest_route=%2Fwp%2Fv2%2Fmedia&parent=4822"}],"wp:term":[{"taxonomy":"product_cat","embeddable":true,"href":"https:\/\/xn--cbdbltenstore-0ob.de\/index.php?rest_route=%2Fwp%2Fv2%2Fproduct_cat&post=4822"},{"taxonomy":"product_tag","embeddable":true,"href":"https:\/\/xn--cbdbltenstore-0ob.de\/index.php?rest_route=%2Fwp%2Fv2%2Fproduct_tag&post=4822"}],"curies":[{"name":"wp","href":"https:\/\/api.w.org\/{rel}","templated":true}]}}