{"id":4820,"date":"2024-11-06T20:52:20","date_gmt":"2024-11-06T20:52:20","guid":{"rendered":"https:\/\/xn--cbdbltenstore-0ob.de\/?post_type=product&#038;p=4820"},"modified":"2024-11-08T14:22:56","modified_gmt":"2024-11-08T14:22:56","slug":"organischer-krautertee-25g","status":"publish","type":"product","link":"https:\/\/xn--cbdbltenstore-0ob.de\/?product=organischer-krautertee-25g","title":{"rendered":"Blauer Lotus &#8211; Organischer Kr\u00e4utertee 25g"},"content":{"rendered":"<h2 class=\"desc\">Organischer Kr\u00e4utertee 25g<\/h2>\n<p class=\"desc\"><strong>Blauer Lotus Organischer Kr\u00e4utertee<\/strong> \u2013 <a href=\"https:\/\/xn--cbdbltenstore-0ob.de\/product\/organischer-krautertee-25g\/\">Entdecke<\/a> das Geheimnis alter <a href=\"https:\/\/sixty8.ro\/cookies\/puff-watermelon-lemonade-15k-nicotine-cookies\" target=\"_blank\" rel=\"noopener\">Kulturen<\/a> und tauche ein in die mystische Welt des Blauen Lotus. Dieser Tee ist mehr als nur ein Getr\u00e4nk \u2013 er ist ein Erlebnis, ein Ritual, eine Reise f\u00fcr die Sinne. Seit Jahrtausenden verehrt und f\u00fcr seine tief beruhigenden, spirituellen Eigenschaften gesch\u00e4tzt, entf\u00fchrt dich der Blaue Lotus in einen Zustand v\u00f6lliger Entspannung und Gelassenheit. Organischer Kr\u00e4utertee 25gHergestellt aus rein biologisch angebauten Lotusbl\u00fcten, verf\u00fchrt dich jede Tasse mit einem sanften, blumigen Aroma, das Geist und Seele in Balance bringt. Egal, ob du nach einem langen Tag abschalten, deinen Geist erfrischen oder einfach nur in eine Welt der Ruhe eintauchen m\u00f6chtest \u2013 dieser Tee ist deine Auszeit in einer <a href=\"https:\/\/sixty8.ro\/cookies\/puff-watermelon-lemonade-15k-nicotine-cookies\" target=\"_blank\" rel=\"noopener\">Tasse<\/a>. Perfekt f\u00fcr Momente der Selbstf\u00fcrsorge oder als Begleiter deiner Meditationspraxis.Lass dich von der Magie dieser seltenen Bl\u00fcte umarmen und erlebe, wie Stress und Hektik in sanfte Gelassenheit verwandelt werden. F\u00fchl dich erfrischt, erneuert und geerdet \u2013 mit jedem Schluck.<strong>Warum ich ?<\/strong><\/p>\n<ul>\n<li>100 % rein und organisch, ohne Zus\u00e4tze<\/li>\n<li>Koffeinfrei \u2013 ideal f\u00fcr jede Tageszeit<\/li>\n<li>Harmonisiert K\u00f6rper und Geist<\/li>\n<li>Ein nat\u00fcrlicher Weg, um Ruhe und Achtsamkeit in dein Leben zu bringen<\/li>\n<\/ul>\n<p class=\"desc\">Ganz dir das Gef\u00fchl Entspannung von und direkt in Ihr Zuhause \u2013 mit demBlauen Lotus Kr\u00e4utertee, deinem pers\u00f6nlichen Ticket zu innerer Balance und Wohlbefinden.<\/p>\n<div class=\"product-attributes\">\n<table class=\"table table-sm table-striped table-bordered-outline\">\n<tbody>\n<tr>\n<td class=\"h6\"><\/td>\n<td class=\"attr-characteristic\"><\/td>\n<\/tr>\n<\/tbody>\n<\/table>\n<\/div>\n","protected":false},"excerpt":{"rendered":"<p>Organischer Kr\u00e4utertee 25g Blauer Lotus Organischer Kr\u00e4utertee \u2013 Entdecke das Geheimnis alter Kulturen und tauche ein in die mystische Welt des Blauen Lotus. Dieser Tee ist mehr als nur ein Getr\u00e4nk \u2013 er ist ein Erlebnis, ein Ritual, eine Reise f\u00fcr die Sinne. Seit Jahrtausenden verehrt und f\u00fcr seine tief beruhigenden, spirituellen Eigenschaften gesch\u00e4tzt, entf\u00fchrt &hellip; <a href=\"https:\/\/xn--cbdbltenstore-0ob.de\/?product=organischer-krautertee-25g\" class=\"more-link\">Continue reading <span class=\"screen-reader-text\">Blauer Lotus &#8211; Organischer Kr\u00e4utertee 25g<\/span><\/a><\/p>\n","protected":false},"featured_media":4983,"comment_status":"open","ping_status":"closed","template":"","meta":{"rank_math_lock_modified_date":false},"product_cat":[87,86],"product_tag":[],"class_list":{"0":"post-4820","1":"product","2":"type-product","3":"status-publish","4":"has-post-thumbnail","6":"product_cat-smart-shop","7":"product_cat-unsere-bestseller","9":"first","10":"instock","11":"shipping-taxable","12":"purchasable","13":"product-type-simple"},"_links":{"self":[{"href":"https:\/\/xn--cbdbltenstore-0ob.de\/index.php?rest_route=\/wp\/v2\/product\/4820","targetHints":{"allow":["GET"]}}],"collection":[{"href":"https:\/\/xn--cbdbltenstore-0ob.de\/index.php?rest_route=\/wp\/v2\/product"}],"about":[{"href":"https:\/\/xn--cbdbltenstore-0ob.de\/index.php?rest_route=\/wp\/v2\/types\/product"}],"replies":[{"embeddable":true,"href":"https:\/\/xn--cbdbltenstore-0ob.de\/index.php?rest_route=%2Fwp%2Fv2%2Fcomments&post=4820"}],"wp:featuredmedia":[{"embeddable":true,"href":"https:\/\/xn--cbdbltenstore-0ob.de\/index.php?rest_route=\/wp\/v2\/media\/4983"}],"wp:attachment":[{"href":"https:\/\/xn--cbdbltenstore-0ob.de\/index.php?rest_route=%2Fwp%2Fv2%2Fmedia&parent=4820"}],"wp:term":[{"taxonomy":"product_cat","embeddable":true,"href":"https:\/\/xn--cbdbltenstore-0ob.de\/index.php?rest_route=%2Fwp%2Fv2%2Fproduct_cat&post=4820"},{"taxonomy":"product_tag","embeddable":true,"href":"https:\/\/xn--cbdbltenstore-0ob.de\/index.php?rest_route=%2Fwp%2Fv2%2Fproduct_tag&post=4820"}],"curies":[{"name":"wp","href":"https:\/\/api.w.org\/{rel}","templated":true}]}}