{"id":4814,"date":"2024-11-06T20:48:35","date_gmt":"2024-11-06T20:48:35","guid":{"rendered":"https:\/\/xn--cbdbltenstore-0ob.de\/?post_type=product&#038;p=4814"},"modified":"2025-06-24T15:14:00","modified_gmt":"2025-06-24T15:14:00","slug":"smash-v2-vape-pen","status":"publish","type":"product","link":"https:\/\/xn--cbdbltenstore-0ob.de\/?product=smash-v2-vape-pen","title":{"rendered":"10-OH-HHC SMASH V2 Vape Pen"},"content":{"rendered":"<h2>SMASH V2 Vape Pen<\/h2>\n<p><strong>SMASH V2<\/strong> Vape <a href=\"https:\/\/xn--cbdbltenstore-0ob.de\/product\/10-oh-hhc-smash-v2-vape-pen\/\">Pen<\/a> in versch. Sorten, mit <span class=\"hiddenGrammarError\">30% 10-OH-<a href=\"https:\/\/www.hanfgartenshop.de\/white-widow-premium-bluten.html\" target=\"_blank\" rel=\"noopener\">HHC<\/a><\/span>10-OH-<a href=\"https:\/\/xn--cbdbltenstore-0ob.de\">HHC<\/a> 10-OH-HHC<\/p>\n<p><strong>Inhaltsstoffe:<\/strong> 30<span class=\"hiddenGrammarError\">0mg<\/span> <a href=\"https:\/\/rauchershops.de\/\" target=\"_blank\" rel=\"noopener\">10-OH-HHC.<\/a> Zugesetzt mit Terpenen in einer Konzentration von <span class=\"hiddenGrammarError\">5%<\/span>, die eine FDA-Zulassung haben und rein organischen Ursprungs sind. SMASH V2 Vape PenGrap-fruit Kush ist perfekt f\u00fcr den t\u00e4glichen Gebrauch und bietet eine intensive und energiegeladene Wirkung. Die ideale L\u00f6sung ist, um Stress, Angst und Depressionen zu lindern. Um Ihre Kreativit\u00e4t zu verbessern und sich darauf zu konzentrieren, m\u00fcssen Sie sich auf die soziale Situation k\u00fcnstlerischer Projekte konzentrieren. <a href=\"http:\/\/GoldCoastclear.us.com\" target=\"_blank\" rel=\"noopener\">Gold Coast clear<\/a> <a href=\"http:\/\/GoldCoastclear.us.com\" target=\"_blank\" rel=\"noopener\">Gold Coast clear carts<\/a> <a href=\"http:\/\/GoldCoastclear.us.com\" target=\"_blank\" rel=\"noopener\">Gold Coast carts<\/a> <a href=\"http:\/\/GoldCoastclear.us.com\" target=\"_blank\" rel=\"noopener\">Gold Coast clear cart <\/a><a href=\"http:\/\/canapuffs.de\" target=\"_blank\" rel=\"noopener\">Thc vape<\/a><a href=\"http:\/\/GoldCoastclear.us.com\" target=\"_blank\" rel=\"noopener\"><br \/>\n<\/a><a href=\"http:\/\/canapuffs.de\" target=\"_blank\" rel=\"noopener\">Thcp<\/a> <a href=\"http:\/\/GoldCoastclear.us.com\" target=\"_blank\" rel=\"noopener\">Gold Coast clear disposable <\/a><a href=\"http:\/\/canapuffs.de\" target=\"_blank\" rel=\"noopener\">Canapuff <\/a><a href=\"http:\/\/canapuffs.de\" target=\"_blank\" rel=\"noopener\">Thcp <\/a><a href=\"http:\/\/boutiquecart.us.com\" target=\"_blank\" rel=\"noopener\">Boutiq \u00a0<\/a><a href=\"http:\/\/boutiquecart.us.com\" target=\"_blank\" rel=\"noopener\">Boutiq carts<\/a><br \/>\n<a href=\"http:\/\/canapuffs.de\" target=\"_blank\" rel=\"noopener\">Thc vape<\/a> <a href=\"http:\/\/canapuffs.de\" target=\"_blank\" rel=\"noopener\">Thcp gummib\u00e4rchen<\/a> <a href=\"http:\/\/canapuffs.de\" target=\"_blank\" rel=\"noopener\">Thc gummies\u00a0 <\/a><a href=\"http:\/\/boutiquecart.us.com\" target=\"_blank\" rel=\"noopener\">Hhc vape<\/a><a href=\"http:\/\/boutiquecart.us.com\" target=\"_blank\" rel=\"noopener\"> Boutiq switch disposable<\/a><a href=\"http:\/\/canapuffs.de\" target=\"_blank\" rel=\"noopener\"><br \/>\n<\/a><\/p>\n<table border=\"1\" cellspacing=\"1\" cellpadding=\"1\">\n<tbody>\n<tr>\n<td>Verpackungsinhalt<\/td>\n<td>1x 10-OH-HHC SMASH V2 Vape Pen<\/td>\n<\/tr>\n<tr>\n<td>Inhalt<\/td>\n<td>1 ml<\/td>\n<\/tr>\n<tr>\n<td><a href=\"https:\/\/hanfgartenshops.de\/\" target=\"_blank\" rel=\"noopener\">10-OH-HHC<\/a><\/td>\n<td>300mg<\/td>\n<\/tr>\n<tr>\n<td>Z\u00fcge<\/td>\n<td>ca.600<\/td>\n<\/tr>\n<tr>\n<td>Akku<\/td>\n<td>280mAh aufladbar \u00fcber USB<\/td>\n<\/tr>\n<tr>\n<td>Steuerbanderole<\/td>\n<td>Ja<\/td>\n<\/tr>\n<tr>\n<td>Inbetriebnahmeanleitung<\/td>\n<td>Selbststartend<\/td>\n<\/tr>\n<\/tbody>\n<\/table>\n<p><span class=\"hiddenGrammarError\">0%<\/span> <span class=\"hiddenSpellError\">CBG<\/span> \/ <span class=\"hiddenGrammarError\">0%<\/span> CBD \/ <span class=\"hiddenGrammarError\">0%<\/span> THC<\/p>\n<p><strong>Aromen:Grapefrui <a href=\"http:\/\/cbdblumes.de\" target=\"_blank\" rel=\"noopener\">Cbd bl\u00fcten kaufen<\/a>\u00a0<\/strong><\/p>\n<ul>\n<li><strong>Tropical Ice<\/strong> bietet eine erfrischende Kombination aus exotischen Fr\u00fcchten wie Ananas, Mango und Kokosnuss, abgerundet mit einem k\u00fchlenden Hauch von Minze. Der Geschmack vermittelt das Gef\u00fchl von tropischer Frische und eisiger K\u00fchle zugleich.<\/li>\n<li><strong>Brombeere Ice<\/strong> vereint den intensiven, s\u00fc\u00dfen und leicht s\u00e4uerlichen Geschmack von saftigen Brombeeren mit einem erfrischenden Hauch von eisiger K\u00fchle. Diese Kombination sorgt f\u00fcr ein belebendes und zugleich fruchtiges Geschmackserlebnis.<\/li>\n<li><strong>Cherry Lollipop<\/strong> bietet den s\u00fc\u00dfen, kr\u00e4ftigen Geschmack von reifen Kirschen, der an klassische Kirschlutscher erinnert. Dieser Geschmack sorgt f\u00fcr ein nostalgisches und zugleich intensives Genusserlebnis.<\/li>\n<li><strong>Lemon Haze<\/strong> kombiniert den spritzigen und zitrusartigen Geschmack von frischen Zitronen mit einem subtilen Hauch von Kr\u00e4utern. Dieses Aroma sorgt f\u00fcr ein belebendes und erfrischendes Geschmackserlebnis.<\/li>\n<li><strong>Pineapple Express<\/strong> bietet einen intensiven, s\u00fc\u00dfen und saftigen Ananasgeschmack, der durch subtile tropische Noten erg\u00e4nzt wird. Dieses Aroma vermittelt das Gef\u00fchl eines sonnigen, tropischen Urlaubs in jedem Zug.<\/li>\n<\/ul>\n<h2><strong>Hauptwirkungen von 10-OH-HHC<\/strong><\/h2>\n<p><strong>Psychoaktive Effekte:<\/strong><br \/>\n<a href=\"https:\/\/hanfgartenshops.de\/\" target=\"_blank\" rel=\"noopener\">10-OH-HHC<\/a> kann, \u00e4hnlich wie THC, psychoaktive Wirkungen hervorrufen. Diese k\u00f6nnen variieren und ein Gef\u00fchl von Euphorie, ver\u00e4nderte Wahrnehmungen und erh\u00f6hte Kreativit\u00e4t beinhalten.<\/p>\n<p><strong>Schmerzlinderung:<\/strong><\/p>\n<p>Die Genetik von <a href=\"http:\/\/wholemeltextract.us.com\" target=\"_blank\" rel=\"noopener\">Whole melt<\/a> <a href=\"http:\/\/wholemeltextract.us.com\" target=\"_blank\" rel=\"noopener\">Whole melt carts<\/a>\u00a0 <a href=\"http:\/\/cbdblumes.de\" target=\"_blank\" rel=\"noopener\">Cbd kaufen<\/a> Grapefruit Kush wa <a href=\"http:\/\/wholemeltextract.us.com\" target=\"_blank\" rel=\"noopener\">Whole melt carts<\/a> r das Ergebnis <a href=\"http:\/\/boutiquecart.us.com\" target=\"_blank\" rel=\"noopener\">Boutiq disposable<\/a> <a href=\"http:\/\/cbdblumes.de\" target=\"_blank\" rel=\"noopener\">Cbd bl\u00fcten<\/a> einer Kreuzung aus Grapefruit und BC Kush, was zu einer ausgewogenen Mischung aus Indica und Sativa f\u00fchrte. Obwohl sie \u00fcberwiegend indicadominiert ist, bietet Grapefruit <a href=\"http:\/\/wholemeltextract.us.com\" target=\"_blank\" rel=\"noopener\">Wholemelt<\/a>\u00a0 Kush ein intensives mentales High, das gepaart ist, mit einer subtilen, lyrischen <a href=\"http:\/\/packman.us.com\" target=\"_blank\" rel=\"noopener\">Pack man car<\/a> Wirkung. <a href=\"http:\/\/wholemeltextract.us.com\" target=\"_blank\" rel=\"noopener\">Whole melts cart <\/a><a href=\"http:\/\/wholemeltextract.us.com\" target=\"_blank\" rel=\"noopener\">Whole melt cart<\/a><a href=\"http:\/\/boutiquecart.us.com\" target=\"_blank\" rel=\"noopener\">Bullet shop berlin<\/a><br \/>\nEs wird vermutet, dass 10-OH-HHC schmerzlindernde Eigenschaften hat, was es zu einer potenziellen Option f\u00fcr die Behandlung von chronischen Schmerzen macht.<\/p>\n<p><strong>Entz\u00fcndungshemmung:<\/strong><br \/>\nForschungen legen nahe, dass 10-OH-HHC entz\u00fcndungshemmende Eigenschaften besitzen k\u00f6nnte, wodurch es n\u00fctzlich bei der Behandlung von entz\u00fcndlichen Erkrankungen wie Arthritis sein k\u00f6nnte.<\/p>\n<p><strong>Appetitanregung:<\/strong><\/p>\n<p><a href=\"http:\/\/rubycartss.com\" target=\"_blank\" rel=\"noopener\">Ruby carts<\/a><br \/>\n<a href=\"http:\/\/rubycartss.com\" target=\"_blank\" rel=\"noopener\">Ruby disposable<\/a><br \/>\n<a href=\"http:\/\/rubycartss.com\" target=\"_blank\" rel=\"noopener\">Ruby dispo<\/a><br \/>\n<a href=\"http:\/\/rubycartss.com\" target=\"_blank\" rel=\"noopener\">Ruby cart<\/a><br \/>\n<a href=\"http:\/\/rubycartss.com\" target=\"_blank\" rel=\"noopener\">Ruby vape<\/a><br \/>\n<a href=\"http:\/\/rubycartss.com\" target=\"_blank\" rel=\"noopener\">Ruby disposables<\/a><br \/>\n<a href=\"http:\/\/rubycartss.com\" target=\"_blank\" rel=\"noopener\">Ruby pen<\/a><\/p>\n<p>\u00c4hnlich wie andere Cannabinoide k\u00f6nnte 10-OH-HHC den Appetit anregen, was insbesondere f\u00fcr Personen mit Appetitverlust oder Essst\u00f6rungen vorteilhaft sein k\u00f6nnte.<\/p>\n<p><strong>Beruhigende Effekte: <a href=\"http:\/\/besttbuds.de\" target=\"_blank\" rel=\"noopener\">Thc vape\u00a0<\/a> <a href=\"http:\/\/besttbuds.de\" target=\"_blank\" rel=\"noopener\">Best buds<\/a> <a href=\"http:\/\/besttbuds.de\" target=\"_blank\" rel=\"noopener\">Best bud NL<\/a><\/strong><\/p>\n<p><a href=\"http:\/\/besttbuds.de\" target=\"_blank\" rel=\"noopener\">Bestbud<\/a><br \/>\n<a href=\"http:\/\/besttbuds.de\" target=\"_blank\" rel=\"noopener\">Bestbud NL<\/a><\/p>\n<hr \/>\n<p>10-OH-HHC k\u00f6nnte beruhigende Wirkungen haben, die bei der Behandlung von Angstzust\u00e4nden oder Schlafst\u00f6rungen hilfreich sein k\u00f6nnten.<\/p>\n<p><strong>Neuroprotektive Effekte:<a href=\"http:\/\/Edelhanf1.de\" target=\"_blank\" rel=\"noopener\">Cannabissamen<\/a><br \/>\n<a href=\"http:\/\/Edelhanf1.de\" target=\"_blank\" rel=\"noopener\">Thc abbau rechner<\/a><br \/>\n<a href=\"http:\/\/Edelhanf1.de\" target=\"_blank\" rel=\"noopener\">Canabissamen kaufen<\/a><br \/>\n<a href=\"http:\/\/Edelhanf1.de\" target=\"_blank\" rel=\"noopener\">Cbd \u00f6l<\/a><br \/>\n<a href=\"http:\/\/Edelhanf1.de\" target=\"_blank\" rel=\"noopener\">Cbd \u00f6l rossmann<\/a><\/strong><br \/>\nVorl\u00e4ufige Untersuchungen deuten darauf hin, dass 10-OH-HHC neuroprotektive Eigenschaften besitzen k\u00f6nnte, was es potenziell n\u00fctzlich bei neurodegenerativen Erkrankungen wie Alzheimer oder Parkinson macht.<\/p>\n<p><strong>Fazit<\/strong><br \/>\n10-OH-HHC ist ein relativ neues Cannabinoid mit potenziell vielseitigen therapeutischen Anwendungen.<\/p>\n<p><strong>Sicherheitshinweise:<\/strong><\/p>\n<p><a href=\"http:\/\/packman.us.com\" target=\"_blank\" rel=\"noopener\">Packman carts <\/a><a href=\"http:\/\/packman.us.com\" target=\"_blank\" rel=\"noopener\">Packman 2g disposable <\/a><a href=\"http:\/\/packman.us.com\" target=\"_blank\" rel=\"noopener\">Packman disposable <\/a><a href=\"http:\/\/packman.us.com\" target=\"_blank\" rel=\"noopener\">Packman vape<\/a><a href=\"http:\/\/packman.us.com\" target=\"_blank\" rel=\"noopener\">Pack man carts<\/a><a href=\"http:\/\/packman.us.com\" target=\"_blank\" rel=\"noopener\"><br \/>\n<\/a><a href=\"http:\/\/packman.us.com\" target=\"_blank\" rel=\"noopener\">Pacman cart<\/a><\/p>\n<p><textarea cols=\"55\" name=\"Sicherheitshinweise\" rows=\"10\">H301 Giftig bei Verschlucken.&lt;br \/&gt;&lt;br \/&gt;&lt;br \/&gt;&lt;br \/&gt;<br \/>\nH412 Sch\u00e4dlich f\u00fcr Wasserorganismen, mit langfristiger Wirkung.&lt;br \/&gt;&lt;br \/&gt;&lt;br \/&gt;&lt;br \/&gt;<br \/>\nP101 Ist \u00e4rztlicher Rat erforderlich, Verpackung oder Kennzeichnungsetikett bereithalten.&lt;br \/&gt;&lt;br \/&gt;&lt;br \/&gt;&lt;br \/&gt;<br \/>\nP102 Darf nicht in die H\u00e4nde von Kindern gelangen.&lt;br \/&gt;&lt;br \/&gt;&lt;br \/&gt;&lt;br \/&gt;<br \/>\nP103 Vor Gebrauch Kennzeichnungsetikett lesen.&lt;br \/&gt;&lt;br \/&gt;&lt;br \/&gt;&lt;br \/&gt;<br \/>\nP264 Nach Gebrauch &#8230; gr\u00fcndlich waschen.&lt;br \/&gt;&lt;br \/&gt;&lt;br \/&gt;&lt;br \/&gt;<br \/>\nP270 Bei Gebrauch nicht essen, trinken oder rauchen.&lt;br \/&gt;&lt;br \/&gt;&lt;br \/&gt;&lt;br \/&gt;<br \/>\nP273 Freisetzung in die Umwelt vermeiden.&lt;br \/&gt;&lt;br \/&gt;&lt;br \/&gt;&lt;br \/&gt;<br \/>\nP301+P310 BEI VERSCHLUCKEN: Sofort GIFTINFORMATIONSZENTRUM\/Arzt\/\u2026 anrufen.&lt;br \/&gt;&lt;br \/&gt;&lt;br \/&gt;&lt;br \/&gt;<br \/>\nP330 Mund aussp\u00fclen.&lt;br \/&gt;&lt;br \/&gt;&lt;br \/&gt;&lt;br \/&gt;<br \/>\nP405 Unter Verschluss aufbewahren.&lt;br \/&gt;&lt;br \/&gt;&lt;br \/&gt;&lt;br \/&gt;<br \/>\nP501 Entsorgung der Inhalte\/Beh\u00e4lter gem\u00e4\u00df des \u00f6rtlichen Abfallsystems&lt;br \/&gt;&lt;br \/&gt;&lt;br \/&gt;&lt;br \/&gt;<br \/>\nEUH208 Enth\u00e4lt Linalool, Furaneol, Allyl Cyclohexanepropionate. Kann allergische Reaktionenhervor-rufen.&lt;br \/&gt;&lt;br \/&gt;&lt;br \/&gt;&lt;br \/&gt;<br \/>\nEnth\u00e4lt Nicotinbenzoat, 2-Isopropyl-N,2,3-trimethylbutyramide<\/textarea><\/p>\n","protected":false},"excerpt":{"rendered":"<ul class=\"info-essential list-unstyled\">\n<li class=\"product-sku\"><strong> Artikelnummer: <\/strong>12016<\/li>\n<li class=\"product-category word-break\"><strong>Kategorie: <\/strong> <a href=\"https:\/\/cbdshop24.de\/10-OH-HHC-TRC5-Produkte\"> 10-OH-HHC &amp; TRC5 Produkte <\/a><\/li>\n<\/ul>\n<div class=\"shortdesc\">\n<p>10-OH-HHC\u00a0Vape Pen<\/p>\n<ul>\n<li><strong>10-OH-HHC:<\/strong>\u00a0 10-OH-HHC,\u00a0 ist ein Metabolit das aus Tetrahydrocannabinol (THC) gewonnen wird. Es interagiert mit dem Endocannabinoid-System und hat potenziell therapeutische Eigenschaften, einschlie\u00dflich Schmerzlinderung, Entz\u00fcndungshemmung und Beruhigung.<\/li>\n<li><strong>Wirkung:\u00a010-OH-HHC<\/strong> hat eine vergleichbare Wirkung wie HHC, es f\u00f6rdert das allgemeine Wohlbefinden und ist zugleich leicht\u00a0psychoaktive.<\/li>\n<li><strong>Versch.\u00a0Aromen: <\/strong>Tropical Ice, Black Ice, Cherry Lollipop, Lemon Haze, Pineapple Express<\/li>\n<li><strong>Inhalt:<\/strong> 1ml, 30% 10-OH-HHC \/ 300mg<\/li>\n<li><strong>Z\u00fcge:<\/strong> ca.600<\/li>\n<\/ul>\n<\/div>\n","protected":false},"featured_media":4815,"comment_status":"open","ping_status":"closed","template":"","meta":{"rank_math_lock_modified_date":false},"product_cat":[35],"product_tag":[],"class_list":{"0":"post-4814","1":"product","2":"type-product","3":"status-publish","4":"has-post-thumbnail","6":"product_cat-10-oh-hhc","8":"first","9":"instock","10":"shipping-taxable","11":"purchasable","12":"product-type-simple"},"_links":{"self":[{"href":"https:\/\/xn--cbdbltenstore-0ob.de\/index.php?rest_route=\/wp\/v2\/product\/4814","targetHints":{"allow":["GET"]}}],"collection":[{"href":"https:\/\/xn--cbdbltenstore-0ob.de\/index.php?rest_route=\/wp\/v2\/product"}],"about":[{"href":"https:\/\/xn--cbdbltenstore-0ob.de\/index.php?rest_route=\/wp\/v2\/types\/product"}],"replies":[{"embeddable":true,"href":"https:\/\/xn--cbdbltenstore-0ob.de\/index.php?rest_route=%2Fwp%2Fv2%2Fcomments&post=4814"}],"wp:featuredmedia":[{"embeddable":true,"href":"https:\/\/xn--cbdbltenstore-0ob.de\/index.php?rest_route=\/wp\/v2\/media\/4815"}],"wp:attachment":[{"href":"https:\/\/xn--cbdbltenstore-0ob.de\/index.php?rest_route=%2Fwp%2Fv2%2Fmedia&parent=4814"}],"wp:term":[{"taxonomy":"product_cat","embeddable":true,"href":"https:\/\/xn--cbdbltenstore-0ob.de\/index.php?rest_route=%2Fwp%2Fv2%2Fproduct_cat&post=4814"},{"taxonomy":"product_tag","embeddable":true,"href":"https:\/\/xn--cbdbltenstore-0ob.de\/index.php?rest_route=%2Fwp%2Fv2%2Fproduct_tag&post=4814"}],"curies":[{"name":"wp","href":"https:\/\/api.w.org\/{rel}","templated":true}]}}