{"id":4800,"date":"2024-11-06T20:40:22","date_gmt":"2024-11-06T20:40:22","guid":{"rendered":"https:\/\/xn--cbdbltenstore-0ob.de\/?post_type=product&#038;p=4800"},"modified":"2024-11-08T15:17:08","modified_gmt":"2024-11-08T15:17:08","slug":"hasch-fat-banana","status":"publish","type":"product","link":"https:\/\/xn--cbdbltenstore-0ob.de\/?product=hasch-fat-banana","title":{"rendered":"10-OH-HHC Hasch Fat Banana"},"content":{"rendered":"<h2>Hasch Fat Banana<\/h2>\n<p>Der 10-OH-HHC-Gehalt dieser\u00a0Hash Sorte\u00a0betr\u00e4gt\u00a0max. 45%, der CBD-Gehalt\u00a0liegt\u00a0bei\u00a017%\u00a0und macht unsere Sammlung an unterschiedlichen Aromahasch beinahe komplett.<\/p>\n<p>Wie auch bei anderen <a href=\"https:\/\/www.hanfgartenshop.de\/white-widow-premium-bluten.html\" target=\"_blank\" rel=\"noopener\">Z\u00fcchtungen<\/a> wurde hier auf die strengen Richtlinien geachtet. Somit weist das Produkt keinerlei Zusatzstoffe auf und wurde ganz ohne Pestizide angebaut. Diese Hash sorten werden europaweit vertrieben und d\u00fcrfen somit den Grenzwert von 0,2% THC-Gehalt nicht <a href=\"https:\/\/xn--cbdbltenstore-0ob.de\">\u00fcberschreiten<\/a>.<\/p>\n<p>Geliefert wird dieser Artikel in <a href=\"https:\/\/xn--cbdbltenstore-0ob.de\/product\/10-oh-hhc-hasch-fat-banana\/\">einem<\/a> aromaversiegelten und wiederverschlie\u00dfbaren Beutel. Hasch Fat Banana<\/p>\n<p>Gebrauchsinformationen: Hasch Fat Banana<\/p>\n<p>Lagern Sie das Hash k\u00fchl, dunkel und trocken.<br \/>\nAu\u00dferhalb der Reichweite von Kindern aufbewahren.<br \/>\nDer Verkauf findet ausschlie\u00dflich an Personen \u00fcber 18 Jahren statt.<br \/>\nDieses Produkt ist nicht f\u00fcr Schwangere oder stillende M\u00fctter sowie Kinder geeignet!<\/p>\n<p>Aromahash und mehr bei CBDshop24.de<\/p>\n<p>Profitieren Sie von unseren Erfahrungen, unserem breiten Sortiment und lassen Sie sich gerne von uns beraten.<br \/>\nWir legen einen sehr hohen Wert auf beste Qualit\u00e4t und saubere Produkte. Bei uns erhalten Sie beste Qualit\u00e4t zu g\u00fcnstigen Preisen, auch einzelne Laborberichte und einen freundlichen Kundenservice, der f\u00fcr alle Ihre Fragen zu unseren Produkten zu Ihrer Seite steht.<\/p>\n<p>Hinweis:<\/p>\n<p>Dieser Artikel unterliegt den nat\u00fcrlichen Schwankungen und kann von Charge zu Charge in der Beschaffenheit, Aussehen und im CBD\/HHC-Wert variieren.<br \/>\nDieses Produkt ist nicht zum Verzehr geeignet.<br \/>\nEs darf offiziell nicht konsumiert oder geraucht werden und dient ausschlie\u00dflich zur Herstellung von beispielsweise Textilien oder Kosmetikprodukten.<\/p>\n<p>Die gezeigten Bilder dienen nur als Referenz, das tats\u00e4chliche aussehen des Produkts kann abweichen.<\/p>\n","protected":false},"excerpt":{"rendered":"<ul class=\"info-essential list-unstyled\">\n<li class=\"product-sku\"><strong> Artikelnummer: <\/strong>10899<\/li>\n<li class=\"product-category word-break\"><strong>Kategorie: <\/strong> <a href=\"https:\/\/cbdshop24.de\/10-OH-HHC-TRC5-Produkte\"> 10-OH-HHC &amp; TRC5 Produkte <\/a><\/li>\n<\/ul>\n<div class=\"shortdesc\">\n<p>HHC Gehalt: max. 45%<\/p>\n<p>CBD Gehalt: max. 17%<\/p>\n<p>THC Gehalt: unter 0,2%<\/p>\n<\/div>\n","protected":false},"featured_media":4801,"comment_status":"open","ping_status":"closed","template":"","meta":{"rank_math_lock_modified_date":false},"product_cat":[35],"product_tag":[],"class_list":{"0":"post-4800","1":"product","2":"type-product","3":"status-publish","4":"has-post-thumbnail","6":"product_cat-10-oh-hhc","8":"first","9":"instock","10":"shipping-taxable","11":"purchasable","12":"product-type-simple"},"_links":{"self":[{"href":"https:\/\/xn--cbdbltenstore-0ob.de\/index.php?rest_route=\/wp\/v2\/product\/4800","targetHints":{"allow":["GET"]}}],"collection":[{"href":"https:\/\/xn--cbdbltenstore-0ob.de\/index.php?rest_route=\/wp\/v2\/product"}],"about":[{"href":"https:\/\/xn--cbdbltenstore-0ob.de\/index.php?rest_route=\/wp\/v2\/types\/product"}],"replies":[{"embeddable":true,"href":"https:\/\/xn--cbdbltenstore-0ob.de\/index.php?rest_route=%2Fwp%2Fv2%2Fcomments&post=4800"}],"wp:featuredmedia":[{"embeddable":true,"href":"https:\/\/xn--cbdbltenstore-0ob.de\/index.php?rest_route=\/wp\/v2\/media\/4801"}],"wp:attachment":[{"href":"https:\/\/xn--cbdbltenstore-0ob.de\/index.php?rest_route=%2Fwp%2Fv2%2Fmedia&parent=4800"}],"wp:term":[{"taxonomy":"product_cat","embeddable":true,"href":"https:\/\/xn--cbdbltenstore-0ob.de\/index.php?rest_route=%2Fwp%2Fv2%2Fproduct_cat&post=4800"},{"taxonomy":"product_tag","embeddable":true,"href":"https:\/\/xn--cbdbltenstore-0ob.de\/index.php?rest_route=%2Fwp%2Fv2%2Fproduct_tag&post=4800"}],"curies":[{"name":"wp","href":"https:\/\/api.w.org\/{rel}","templated":true}]}}