{"id":4762,"date":"2024-11-06T20:30:42","date_gmt":"2024-11-06T20:30:42","guid":{"rendered":"https:\/\/xn--cbdbltenstore-0ob.de\/?post_type=product&#038;p=4762"},"modified":"2024-11-08T15:09:54","modified_gmt":"2024-11-08T15:09:54","slug":"10-oh-hhc-black-domina","status":"publish","type":"product","link":"https:\/\/xn--cbdbltenstore-0ob.de\/?product=10-oh-hhc-black-domina","title":{"rendered":"10-OH-HHC Black Domina"},"content":{"rendered":"<div class=\"desc\">\n<h1>10-OH-HHC Black Domina<\/h1>\n<p>&nbsp;<\/p>\n<p><strong>Jetzt neu!\u00a0<\/strong>10-OH-HHC Black <a href=\"https:\/\/xn--cbdbltenstore-0ob.de\/product\/10-oh-hhc-black-domina\/\">Domina<\/a><\/p>\n<p>Die Sorte Black Domina ist eine hochgesch\u00e4tzte, Cannabissorte, die durch ihre <a href=\"https:\/\/www.hanfgartenshop.de\/white-widow-premium-bluten.html\" target=\"_blank\" rel=\"noopener\">tiefe<\/a>, dunkelgr\u00fcne F\u00e4rbung und ihre harzreichen Bl\u00fcten besticht. Diese Sorte kombiniert die besten Eigenschaften mehrerer kraftvoller Genetiken, darunter Northern Lights, Ortega, Hash Plant und Afghani SA. Das Ergebnis ist eine robuste und schnell bl\u00fchende Pflanze.<\/p>\n<p>Der Gehalt an Cannabidiol betr\u00e4gt maximal 15%, 10-OH-HHC was etwa\u00a0150 mg\/g entspricht. Der Inhalt der Verpackung wird in einem Wiederverschlie\u00dfbaren Papierbeutel geliefert.<\/p>\n<p>Dieses Produkt wird in ganz Europa vertrieben und unterliegt daher der Obergrenze von 0,2% THC-Gehalt.<\/p>\n<p>&nbsp;<\/p>\n<p><strong>Gebrauchsinformationen:<\/strong><\/p>\n<ul>\n<li>Lagern Sie die\u00a0<strong>10-OH-HHC Black Domina\u00a0<\/strong>Bl\u00fcten k\u00fchl, dunkel und trocken.<\/li>\n<li>Au\u00dferhalb der Reichweite von Kindern aufbewahren.<\/li>\n<li>Der Verkauf findet ausschlie\u00dflich an Personen \u00fcber 18 Jahren statt.<\/li>\n<li>Dieses Produkt ist nicht f\u00fcr Schwangere oder stillende M\u00fctter sowie Kinder geeignet!<\/li>\n<\/ul>\n<p><strong>Hinweis zu den 10-OH-HHC Bl\u00fcten Black Domina:<\/strong><\/p>\n<p>Die\u00a0<strong>10-OH-HHC Bl\u00fcten Black Domina<\/strong> unterliegen den nat\u00fcrlichen Schwankungen und k\u00f6nnen von Charge zu Charge in der Beschaffenheit, Aussehen und im CBD-Wert variieren.<\/p>\n<p>Dieses Produkt ist nicht zum Verzehr geeignet.<\/p>\n<p>Es darf offiziell nicht konsumiert oder geraucht werden und dient ausschlie\u00dflich zur Herstellung von beispielsweise Duftkissen.<\/p>\n<p>Die gezeigten Bilder dienen nur als Referenz. Das tats\u00e4chliche Aussehen des Produkts kann abweichen.<\/p>\n<\/div>\n<div class=\"product-attributes\">\n<table class=\"table table-sm table-striped table-bordered-outline\">\n<tbody>\n<tr>\n<td class=\"h6\">THC Gehalt:<\/td>\n<td class=\"attr-characteristic\"><a class=\"badge badge-primary\" href=\"https:\/\/cbdshop24.de\/max-02_1\" target=\"_blank\" rel=\"noopener\">max. 0,2%<\/a><\/td>\n<\/tr>\n<tr>\n<td class=\"h6\">10-OH-HHC:<\/td>\n<td class=\"attr-characteristic\"><a class=\"badge badge-primary\" href=\"https:\/\/cbdshop24.de\/150mg\" target=\"_blank\" rel=\"noopener\">150mg<\/a><\/td>\n<\/tr>\n<tr class=\"attr-custom\">\n<td class=\"h6\">Attribut_1:<\/td>\n<td class=\"attr-value\">10-OH-HHC Black Domina<\/td>\n<\/tr>\n<\/tbody>\n<\/table>\n<\/div>\n","protected":false},"excerpt":{"rendered":"<p>10-OH-HHC Black Domina &nbsp; Jetzt neu!\u00a010-OH-HHC Black Domina Die Sorte Black Domina ist eine hochgesch\u00e4tzte, Cannabissorte, die durch ihre tiefe, dunkelgr\u00fcne F\u00e4rbung und ihre harzreichen Bl\u00fcten besticht. Diese Sorte kombiniert die besten Eigenschaften mehrerer kraftvoller Genetiken, darunter Northern Lights, Ortega, Hash Plant und Afghani SA. Das Ergebnis ist eine robuste und schnell bl\u00fchende Pflanze. Der &hellip; <a href=\"https:\/\/xn--cbdbltenstore-0ob.de\/?product=10-oh-hhc-black-domina\" class=\"more-link\">Continue reading <span class=\"screen-reader-text\">10-OH-HHC Black Domina<\/span><\/a><\/p>\n","protected":false},"featured_media":4776,"comment_status":"open","ping_status":"closed","template":"","meta":{"rank_math_lock_modified_date":false},"product_cat":[35,83],"product_tag":[],"class_list":{"0":"post-4762","1":"product","2":"type-product","3":"status-publish","4":"has-post-thumbnail","6":"product_cat-10-oh-hhc","7":"product_cat-top-angebote","9":"first","10":"instock","11":"shipping-taxable","12":"purchasable","13":"product-type-simple"},"_links":{"self":[{"href":"https:\/\/xn--cbdbltenstore-0ob.de\/index.php?rest_route=\/wp\/v2\/product\/4762","targetHints":{"allow":["GET"]}}],"collection":[{"href":"https:\/\/xn--cbdbltenstore-0ob.de\/index.php?rest_route=\/wp\/v2\/product"}],"about":[{"href":"https:\/\/xn--cbdbltenstore-0ob.de\/index.php?rest_route=\/wp\/v2\/types\/product"}],"replies":[{"embeddable":true,"href":"https:\/\/xn--cbdbltenstore-0ob.de\/index.php?rest_route=%2Fwp%2Fv2%2Fcomments&post=4762"}],"wp:featuredmedia":[{"embeddable":true,"href":"https:\/\/xn--cbdbltenstore-0ob.de\/index.php?rest_route=\/wp\/v2\/media\/4776"}],"wp:attachment":[{"href":"https:\/\/xn--cbdbltenstore-0ob.de\/index.php?rest_route=%2Fwp%2Fv2%2Fmedia&parent=4762"}],"wp:term":[{"taxonomy":"product_cat","embeddable":true,"href":"https:\/\/xn--cbdbltenstore-0ob.de\/index.php?rest_route=%2Fwp%2Fv2%2Fproduct_cat&post=4762"},{"taxonomy":"product_tag","embeddable":true,"href":"https:\/\/xn--cbdbltenstore-0ob.de\/index.php?rest_route=%2Fwp%2Fv2%2Fproduct_tag&post=4762"}],"curies":[{"name":"wp","href":"https:\/\/api.w.org\/{rel}","templated":true}]}}